{"id":2548,"date":"2024-04-24T09:35:28","date_gmt":"2024-04-24T09:35:28","guid":{"rendered":"https:\/\/taalba-dz.com\/?post_type=product&amp;p=2548"},"modified":"2024-04-24T09:35:28","modified_gmt":"2024-04-24T09:35:28","slug":"mo23216","status":"publish","type":"product","link":"https:\/\/taalba-dz.com\/dz\/product\/mo23216\/","title":{"rendered":"Masque FFP2 PREM&rsquo;S coque valve (bo\u00eete de 10 pi\u00e8ces) &#8211; MO23216"},"content":{"rendered":"<p>Demi-masque FFP2 en polypropyl\u00e8ne non tiss\u00e9e, couche externe en polyester avec soupape d&rsquo;expiration, joint nasal en mousse de poly\u00e9thyl\u00e8ne, \u00e9lastique de serrage en caoutchouc synth\u00e9tique sans latex<\/p>\n","protected":false},"excerpt":{"rendered":"<div id=\"description\">\n<div>\n<div>\n<div id=\"description\">\n<div>\n<div>\n<div id=\"description\">\n<div>\n<div>\n<div id=\"description\">\n<div>\n<div>\n<div id=\"description\">\n<div>\n<div>\n<div id=\"description\">\n<div>\n<div>\n<div id=\"description\">\n<div>\n<div>\n<div id=\"description\">\n<div>\n<div>\n<div id=\"description\">\n<div>\n<div>\n<div id=\"description\">\n<div>\n<div>\n<div id=\"description\">\n<div>\n<div>\n<div id=\"description\">\n<div>\n<div>\n<div id=\"description\">\n<div>\n<div>\n<div id=\"description\">\n<div>\n<div>\n<div id=\"description\">\n<div>\n<div>\n<div id=\"description\">\n<div>\n<div>\n<div id=\"description\">\n<div>\n<div>\n<div id=\"description\">\n<div>\n<div>\n<div id=\"description\">\n<div>\n<div>\n<div id=\"description\">\n<div>\n<div>\n<div id=\"description\">\n<div>\n<div>\n<div id=\"description\">\n<div>\n<div>\n<div id=\"description\">\n<div>\n<div>\n<div id=\"description\">\n<div>\n<div>\n<div id=\"description\">\n<div>\n<div>\n<div id=\"description\">\n<div>\n<div>\n<div id=\"description\">\n<div>\n<div>\n<div id=\"description\">\n<div>\n<div>\n<div id=\"description\">\n<div>\n<div>\n<div id=\"description\">\n<div>\n<div>\n<div id=\"description\">\n<div>\n<div>\n<div id=\"description\">\n<div>\n<div>\n<div id=\"description\">\n<div>\n<div>\n<div id=\"description\">\n<div>\n<div>\n<div id=\"description\">\n<div>\n<div>\n<div id=\"description\">\n<div>\n<div>\n<div id=\"description\">\n<div>\n<div>\n<div id=\"description\">\n<div>\n<div>\n<div id=\"description\">\n<div>\n<div>\n<div id=\"description\">\n<div>\n<div>\n<div id=\"description\">\n<div>\n<div>\n<div id=\"description\">\n<div>\n<div>\n<div id=\"description\">\n<div>\n<div>\n<div id=\"description\">\n<div>\n<div>\n<div id=\"description\">\n<div>\n<div>\n<div id=\"description\">\n<div>\n<div>\n<div id=\"description\">\n<div>\n<div>\n<div id=\"description\">\n<div>\n<div>\n<div id=\"description\">\n<div>\n<div>\n<div id=\"description\">\n<div>\n<div>\n<div id=\"description\">\n<div>\n<div>\n<div id=\"description\">\n<div>\n<div>\n<div id=\"description\">\n<div>\n<div>\n<div id=\"description\">\n<div>\n<div>\n<div id=\"description\">\n<div>\n<div>\n<div id=\"description\">\n<div>\n<div>\n<div>\n<div id=\"description\">\n<div>\n<div>\n<div id=\"description\">\n<div>\n<div>\n<div id=\"description\">\n<div>\n<div>\n<div id=\"description\">\n<div>\n<div>\n<div id=\"description\">\n<div>\n<div>\n<div id=\"description\">\n<div>\n<div>\n<div id=\"description\">\n<div>\n<div>\n<div id=\"description\">\n<div>\n<div>\n<div id=\"description\">\n<div>\n<div>\n<div id=\"description\">\n<div>\n<div>\n<div id=\"description\">\n<div>\n<div>\n<div id=\"description\">\n<div>\n<div>\n<div id=\"description\">\n<div>\n<div>\n<div id=\"description\">\n<div>\n<div>\n<div id=\"description\">\n<div>\n<div>\n<div id=\"description\">\n<div>\n<div>\n<div id=\"description\">\n<div>\n<div>\n<div id=\"description\">\n<div>\n<div>\n<div id=\"description\">\n<div>\n<div>GAMME : Respiratoire<\/div>\n<\/div>\n<\/div>\n<div id=\"additional\">\n<div>\n<p>AVANTAGES :\u00a0Forte r\u00e9duction de la r\u00e9sistance respiratoire gr\u00e2ce au design sp\u00e9cifique de la soupape d&rsquo;expiration Design pr\u00e9form\u00e9 assurant la compatibilit\u00e9 avec le port de lunettes ou lunettes masques et \u00e9vitant la formation de bu\u00e9e. Forme ergonomique pour un ajustement optimal au visage sans clip nasal.<\/p>\n<p>SECTEURS INDUSTRIELS :\u00a0Bricolage, Industries chimique et pharmaceutique, Industries l\u00e9g\u00e8res (textile; cuir; plasturgie; caoutchouc; meubles; luxe\u2026), Industries lourdes et de process, Infrastructure; building industry, Second-\u0153uvre du b\u00e2timent<\/p>\n<p>SOUS-FAMILLE :\u00a0Non r\u00e9utilisable<\/p>\n<p>CAT\u00c9GORIE EPI :\u00a0III<\/p>\n<p><a href=\"https:\/\/taalba-dz.com\/wp-content\/uploads\/2024\/10\/MO23216_fr.pdf\" target=\"_blank\" rel=\"noopener\"><button>T\u00e9l\u00e9charger La Fiche Technique<\/button><\/a><\/p>\n<\/div>\n<\/div>\n<\/div>\n<\/div>\n<\/div>\n<\/div>\n<\/div>\n<\/div>\n<\/div>\n<\/div>\n<\/div>\n<\/div>\n<\/div>\n<\/div>\n<\/div>\n<\/div>\n<\/div>\n<\/div>\n<\/div>\n<\/div>\n<\/div>\n<\/div>\n<\/div>\n<\/div>\n<\/div>\n<\/div>\n<\/div>\n<\/div>\n<\/div>\n<\/div>\n<\/div>\n<\/div>\n<\/div>\n<\/div>\n<\/div>\n<\/div>\n<\/div>\n<\/div>\n<\/div>\n<\/div>\n<\/div>\n<\/div>\n<\/div>\n<\/div>\n<\/div>\n<\/div>\n<\/div>\n<\/div>\n<\/div>\n<\/div>\n<\/div>\n<\/div>\n<\/div>\n<\/div>\n<\/div>\n<\/div>\n<\/div>\n<\/div>\n<\/div>\n<\/div>\n<\/div>\n<\/div>\n<\/div>\n<\/div>\n<\/div>\n<\/div>\n<\/div>\n<\/div>\n<\/div>\n<\/div>\n<\/div>\n<\/div>\n<\/div>\n<\/div>\n<\/div>\n<\/div>\n<\/div>\n<\/div>\n<\/div>\n<\/div>\n<\/div>\n<\/div>\n<\/div>\n<\/div>\n<\/div>\n<\/div>\n<\/div>\n<\/div>\n<\/div>\n<\/div>\n<\/div>\n<\/div>\n<\/div>\n<\/div>\n<\/div>\n<\/div>\n<\/div>\n<\/div>\n<\/div>\n<\/div>\n<\/div>\n<\/div>\n<\/div>\n<\/div>\n<\/div>\n<\/div>\n<\/div>\n<\/div>\n<\/div>\n<\/div>\n<\/div>\n<\/div>\n<\/div>\n<\/div>\n<\/div>\n<\/div>\n<\/div>\n<\/div>\n<\/div>\n<\/div>\n<\/div>\n<\/div>\n<\/div>\n<\/div>\n<\/div>\n<\/div>\n<\/div>\n<\/div>\n<\/div>\n<\/div>\n<\/div>\n<\/div>\n<\/div>\n<\/div>\n<\/div>\n<\/div>\n<\/div>\n<\/div>\n<\/div>\n<\/div>\n<\/div>\n<\/div>\n<\/div>\n<\/div>\n<\/div>\n<\/div>\n<\/div>\n<\/div>\n<\/div>\n<\/div>\n<\/div>\n<\/div>\n<\/div>\n<\/div>\n<\/div>\n<\/div>\n<\/div>\n<\/div>\n<\/div>\n<\/div>\n<\/div>\n<\/div>\n<\/div>\n<\/div>\n<\/div>\n<\/div>\n<\/div>\n<\/div>\n<\/div>\n<\/div>\n<\/div>\n<\/div>\n<\/div>\n<\/div>\n<\/div>\n<\/div>\n<\/div>\n<\/div>\n<\/div>\n<\/div>\n<\/div>\n<\/div>\n<\/div>\n<\/div>\n<\/div>\n<\/div>\n<\/div>\n<\/div>\n<\/div>\n<\/div>\n<\/div>\n<\/div>\n<\/div>\n<\/div>\n<\/div>\n<\/div>\n<\/div>\n<\/div>\n<\/div>\n<\/div>\n<\/div>\n<\/div>\n<\/div>\n<\/div>\n<\/div>\n<\/div>\n<\/div>\n<\/div>\n<\/div>\n<\/div>\n<\/div>\n<\/div>\n<\/div>\n<\/div>\n<\/div>\n<\/div>\n<\/div>\n<\/div>\n<\/div>\n<\/div>\n<\/div>\n<\/div>\n<\/div>\n<\/div>\n<\/div>\n","protected":false},"featured_media":2549,"template":"","meta":{"_kad_post_transparent":"","_kad_post_title":"","_kad_post_layout":"","_kad_post_sidebar_id":"","_kad_post_content_style":"","_kad_post_vertical_padding":"","_kad_post_feature":"","_kad_post_feature_position":"","_kad_post_header":false,"_kad_post_footer":false,"_kad_post_classname":""},"product_brand":[],"product_cat":[17,18],"product_tag":[45],"class_list":{"0":"post-2548","1":"product","2":"type-product","3":"status-publish","4":"has-post-thumbnail","6":"product_cat-protection-de-la-tete","7":"product_cat-protection-des-voies-respiratoires","8":"product_tag-protection-de-la-tete","10":"first","11":"instock","12":"shipping-taxable","13":"product-type-simple","14":"entry","15":"content-bg","16":"loop-entry"},"yoast_head":"<!-- This site is optimized with the Yoast SEO plugin v26.9 - https:\/\/yoast.com\/product\/yoast-seo-wordpress\/ -->\n<title>Masque FFP2 PREM&#039;S coque valve (bo\u00eete de 10 pi\u00e8ces) - MO23216 - MPGI TAALBA<\/title>\n<meta name=\"robots\" content=\"index, follow, max-snippet:-1, max-image-preview:large, max-video-preview:-1\" \/>\n<link rel=\"canonical\" href=\"https:\/\/taalba-dz.com\/dz\/product\/mo23216\/\" \/>\n<meta property=\"og:locale\" content=\"fr_FR\" \/>\n<meta property=\"og:type\" content=\"article\" \/>\n<meta property=\"og:title\" content=\"Masque FFP2 PREM&#039;S coque valve (bo\u00eete de 10 pi\u00e8ces) - MO23216 - MPGI TAALBA\" \/>\n<meta property=\"og:description\" content=\"GAMME : Respiratoire   AVANTAGES :\u00a0Forte r\u00e9duction de la r\u00e9sistance respiratoire gr\u00e2ce au design sp\u00e9cifique de la soupape d&#039;expiration Design pr\u00e9form\u00e9 assurant la compatibilit\u00e9 avec le port de lunettes ou lunettes masques et \u00e9vitant la formation de bu\u00e9e. Forme ergonomique pour un ajustement optimal au visage sans clip nasal. SECTEURS INDUSTRIELS :\u00a0Bricolage, Industries chimique et pharmaceutique, Industries l\u00e9g\u00e8res (textile; cuir; plasturgie; caoutchouc; meubles; luxe\u2026), Industries lourdes et de process, Infrastructure; building industry, Second-\u0153uvre du b\u00e2timent SOUS-FAMILLE :\u00a0Non r\u00e9utilisable CAT\u00c9GORIE EPI :\u00a0III T\u00e9l\u00e9charger La Fiche Technique\" \/>\n<meta property=\"og:url\" content=\"https:\/\/taalba-dz.com\/dz\/product\/mo23216\/\" \/>\n<meta property=\"og:site_name\" content=\"MPGI TAALBA\" \/>\n<meta property=\"article:publisher\" content=\"https:\/\/www.facebook.com\/profile.php?id=100078120130692\" \/>\n<meta property=\"og:image\" content=\"https:\/\/taalba-dz.com\/dz\/wp-content\/uploads\/2024\/04\/mo23216_mo23216_1.png\" \/>\n\t<meta property=\"og:image:width\" content=\"500\" \/>\n\t<meta property=\"og:image:height\" content=\"464\" \/>\n\t<meta property=\"og:image:type\" content=\"image\/png\" \/>\n<meta name=\"twitter:card\" content=\"summary_large_image\" \/>\n<meta name=\"twitter:label1\" content=\"Dur\u00e9e de lecture estim\u00e9e\" \/>\n\t<meta name=\"twitter:data1\" content=\"1 minute\" \/>\n<script type=\"application\/ld+json\" class=\"yoast-schema-graph\">{\"@context\":\"https:\/\/schema.org\",\"@graph\":[{\"@type\":\"WebPage\",\"@id\":\"https:\/\/taalba-dz.com\/dz\/product\/mo23216\/\",\"url\":\"https:\/\/taalba-dz.com\/dz\/product\/mo23216\/\",\"name\":\"Masque FFP2 PREM'S coque valve (bo\u00eete de 10 pi\u00e8ces) - MO23216 - MPGI TAALBA\",\"isPartOf\":{\"@id\":\"https:\/\/taalba-dz.com\/dz\/#website\"},\"primaryImageOfPage\":{\"@id\":\"https:\/\/taalba-dz.com\/dz\/product\/mo23216\/#primaryimage\"},\"image\":{\"@id\":\"https:\/\/taalba-dz.com\/dz\/product\/mo23216\/#primaryimage\"},\"thumbnailUrl\":\"https:\/\/taalba-dz.com\/dz\/wp-content\/uploads\/2024\/04\/mo23216_mo23216_1.png\",\"datePublished\":\"2024-04-24T09:35:28+00:00\",\"breadcrumb\":{\"@id\":\"https:\/\/taalba-dz.com\/dz\/product\/mo23216\/#breadcrumb\"},\"inLanguage\":\"fr-FR\",\"potentialAction\":[{\"@type\":\"ReadAction\",\"target\":[\"https:\/\/taalba-dz.com\/dz\/product\/mo23216\/\"]}]},{\"@type\":\"ImageObject\",\"inLanguage\":\"fr-FR\",\"@id\":\"https:\/\/taalba-dz.com\/dz\/product\/mo23216\/#primaryimage\",\"url\":\"https:\/\/taalba-dz.com\/dz\/wp-content\/uploads\/2024\/04\/mo23216_mo23216_1.png\",\"contentUrl\":\"https:\/\/taalba-dz.com\/dz\/wp-content\/uploads\/2024\/04\/mo23216_mo23216_1.png\",\"width\":500,\"height\":464},{\"@type\":\"BreadcrumbList\",\"@id\":\"https:\/\/taalba-dz.com\/dz\/product\/mo23216\/#breadcrumb\",\"itemListElement\":[{\"@type\":\"ListItem\",\"position\":1,\"name\":\"Accueil\",\"item\":\"https:\/\/taalba-dz.com\/dz\/\"},{\"@type\":\"ListItem\",\"position\":2,\"name\":\"Nos Produits\",\"item\":\"https:\/\/taalba-dz.com\/dz\/nos-produits\/\"},{\"@type\":\"ListItem\",\"position\":3,\"name\":\"Masque FFP2 PREM&rsquo;S coque valve (bo\u00eete de 10 pi\u00e8ces) &#8211; MO23216\"}]},{\"@type\":\"WebSite\",\"@id\":\"https:\/\/taalba-dz.com\/dz\/#website\",\"url\":\"https:\/\/taalba-dz.com\/dz\/\",\"name\":\"MPGI TAALBA\",\"description\":\"\",\"publisher\":{\"@id\":\"https:\/\/taalba-dz.com\/dz\/#organization\"},\"potentialAction\":[{\"@type\":\"SearchAction\",\"target\":{\"@type\":\"EntryPoint\",\"urlTemplate\":\"https:\/\/taalba-dz.com\/dz\/?s={search_term_string}\"},\"query-input\":{\"@type\":\"PropertyValueSpecification\",\"valueRequired\":true,\"valueName\":\"search_term_string\"}}],\"inLanguage\":\"fr-FR\"},{\"@type\":\"Organization\",\"@id\":\"https:\/\/taalba-dz.com\/dz\/#organization\",\"name\":\"MPGI TAALBA\",\"url\":\"https:\/\/taalba-dz.com\/dz\/\",\"logo\":{\"@type\":\"ImageObject\",\"inLanguage\":\"fr-FR\",\"@id\":\"https:\/\/taalba-dz.com\/dz\/#\/schema\/logo\/image\/\",\"url\":\"https:\/\/taalba-dz.com\/dz\/wp-content\/uploads\/2025\/02\/cropped-logo_taalba-removebg-preview.png\",\"contentUrl\":\"https:\/\/taalba-dz.com\/dz\/wp-content\/uploads\/2025\/02\/cropped-logo_taalba-removebg-preview.png\",\"width\":447,\"height\":554,\"caption\":\"MPGI TAALBA\"},\"image\":{\"@id\":\"https:\/\/taalba-dz.com\/dz\/#\/schema\/logo\/image\/\"},\"sameAs\":[\"https:\/\/www.facebook.com\/profile.php?id=100078120130692\"]}]}<\/script>\n<!-- \/ Yoast SEO plugin. -->","yoast_head_json":{"title":"Masque FFP2 PREM'S coque valve (bo\u00eete de 10 pi\u00e8ces) - MO23216 - MPGI TAALBA","robots":{"index":"index","follow":"follow","max-snippet":"max-snippet:-1","max-image-preview":"max-image-preview:large","max-video-preview":"max-video-preview:-1"},"canonical":"https:\/\/taalba-dz.com\/dz\/product\/mo23216\/","og_locale":"fr_FR","og_type":"article","og_title":"Masque FFP2 PREM'S coque valve (bo\u00eete de 10 pi\u00e8ces) - MO23216 - MPGI TAALBA","og_description":"GAMME : Respiratoire   AVANTAGES :\u00a0Forte r\u00e9duction de la r\u00e9sistance respiratoire gr\u00e2ce au design sp\u00e9cifique de la soupape d'expiration Design pr\u00e9form\u00e9 assurant la compatibilit\u00e9 avec le port de lunettes ou lunettes masques et \u00e9vitant la formation de bu\u00e9e. Forme ergonomique pour un ajustement optimal au visage sans clip nasal. SECTEURS INDUSTRIELS :\u00a0Bricolage, Industries chimique et pharmaceutique, Industries l\u00e9g\u00e8res (textile; cuir; plasturgie; caoutchouc; meubles; luxe\u2026), Industries lourdes et de process, Infrastructure; building industry, Second-\u0153uvre du b\u00e2timent SOUS-FAMILLE :\u00a0Non r\u00e9utilisable CAT\u00c9GORIE EPI :\u00a0III T\u00e9l\u00e9charger La Fiche Technique","og_url":"https:\/\/taalba-dz.com\/dz\/product\/mo23216\/","og_site_name":"MPGI TAALBA","article_publisher":"https:\/\/www.facebook.com\/profile.php?id=100078120130692","og_image":[{"width":500,"height":464,"url":"https:\/\/taalba-dz.com\/dz\/wp-content\/uploads\/2024\/04\/mo23216_mo23216_1.png","type":"image\/png"}],"twitter_card":"summary_large_image","twitter_misc":{"Dur\u00e9e de lecture estim\u00e9e":"1 minute"},"schema":{"@context":"https:\/\/schema.org","@graph":[{"@type":"WebPage","@id":"https:\/\/taalba-dz.com\/dz\/product\/mo23216\/","url":"https:\/\/taalba-dz.com\/dz\/product\/mo23216\/","name":"Masque FFP2 PREM'S coque valve (bo\u00eete de 10 pi\u00e8ces) - MO23216 - MPGI TAALBA","isPartOf":{"@id":"https:\/\/taalba-dz.com\/dz\/#website"},"primaryImageOfPage":{"@id":"https:\/\/taalba-dz.com\/dz\/product\/mo23216\/#primaryimage"},"image":{"@id":"https:\/\/taalba-dz.com\/dz\/product\/mo23216\/#primaryimage"},"thumbnailUrl":"https:\/\/taalba-dz.com\/dz\/wp-content\/uploads\/2024\/04\/mo23216_mo23216_1.png","datePublished":"2024-04-24T09:35:28+00:00","breadcrumb":{"@id":"https:\/\/taalba-dz.com\/dz\/product\/mo23216\/#breadcrumb"},"inLanguage":"fr-FR","potentialAction":[{"@type":"ReadAction","target":["https:\/\/taalba-dz.com\/dz\/product\/mo23216\/"]}]},{"@type":"ImageObject","inLanguage":"fr-FR","@id":"https:\/\/taalba-dz.com\/dz\/product\/mo23216\/#primaryimage","url":"https:\/\/taalba-dz.com\/dz\/wp-content\/uploads\/2024\/04\/mo23216_mo23216_1.png","contentUrl":"https:\/\/taalba-dz.com\/dz\/wp-content\/uploads\/2024\/04\/mo23216_mo23216_1.png","width":500,"height":464},{"@type":"BreadcrumbList","@id":"https:\/\/taalba-dz.com\/dz\/product\/mo23216\/#breadcrumb","itemListElement":[{"@type":"ListItem","position":1,"name":"Accueil","item":"https:\/\/taalba-dz.com\/dz\/"},{"@type":"ListItem","position":2,"name":"Nos Produits","item":"https:\/\/taalba-dz.com\/dz\/nos-produits\/"},{"@type":"ListItem","position":3,"name":"Masque FFP2 PREM&rsquo;S coque valve (bo\u00eete de 10 pi\u00e8ces) &#8211; MO23216"}]},{"@type":"WebSite","@id":"https:\/\/taalba-dz.com\/dz\/#website","url":"https:\/\/taalba-dz.com\/dz\/","name":"MPGI TAALBA","description":"","publisher":{"@id":"https:\/\/taalba-dz.com\/dz\/#organization"},"potentialAction":[{"@type":"SearchAction","target":{"@type":"EntryPoint","urlTemplate":"https:\/\/taalba-dz.com\/dz\/?s={search_term_string}"},"query-input":{"@type":"PropertyValueSpecification","valueRequired":true,"valueName":"search_term_string"}}],"inLanguage":"fr-FR"},{"@type":"Organization","@id":"https:\/\/taalba-dz.com\/dz\/#organization","name":"MPGI TAALBA","url":"https:\/\/taalba-dz.com\/dz\/","logo":{"@type":"ImageObject","inLanguage":"fr-FR","@id":"https:\/\/taalba-dz.com\/dz\/#\/schema\/logo\/image\/","url":"https:\/\/taalba-dz.com\/dz\/wp-content\/uploads\/2025\/02\/cropped-logo_taalba-removebg-preview.png","contentUrl":"https:\/\/taalba-dz.com\/dz\/wp-content\/uploads\/2025\/02\/cropped-logo_taalba-removebg-preview.png","width":447,"height":554,"caption":"MPGI TAALBA"},"image":{"@id":"https:\/\/taalba-dz.com\/dz\/#\/schema\/logo\/image\/"},"sameAs":["https:\/\/www.facebook.com\/profile.php?id=100078120130692"]}]}},"_links":{"self":[{"href":"https:\/\/taalba-dz.com\/dz\/wp-json\/wp\/v2\/product\/2548","targetHints":{"allow":["GET"]}}],"collection":[{"href":"https:\/\/taalba-dz.com\/dz\/wp-json\/wp\/v2\/product"}],"about":[{"href":"https:\/\/taalba-dz.com\/dz\/wp-json\/wp\/v2\/types\/product"}],"wp:featuredmedia":[{"embeddable":true,"href":"https:\/\/taalba-dz.com\/dz\/wp-json\/wp\/v2\/media\/2549"}],"wp:attachment":[{"href":"https:\/\/taalba-dz.com\/dz\/wp-json\/wp\/v2\/media?parent=2548"}],"wp:term":[{"taxonomy":"product_brand","embeddable":true,"href":"https:\/\/taalba-dz.com\/dz\/wp-json\/wp\/v2\/product_brand?post=2548"},{"taxonomy":"product_cat","embeddable":true,"href":"https:\/\/taalba-dz.com\/dz\/wp-json\/wp\/v2\/product_cat?post=2548"},{"taxonomy":"product_tag","embeddable":true,"href":"https:\/\/taalba-dz.com\/dz\/wp-json\/wp\/v2\/product_tag?post=2548"}],"curies":[{"name":"wp","href":"https:\/\/api.w.org\/{rel}","templated":true}]}}