{"id":2298,"date":"2024-04-20T17:54:52","date_gmt":"2024-04-20T17:54:52","guid":{"rendered":"https:\/\/taalba-dz.com\/?post_type=product&amp;p=2298"},"modified":"2024-04-20T17:54:52","modified_gmt":"2024-04-20T17:54:52","slug":"serval","status":"publish","type":"product","link":"https:\/\/taalba-dz.com\/dz\/product\/serval\/","title":{"rendered":"LUNETTES DE PROTECTION &#8211; SERVAL INCOLORE K +2.0 &#8211; 6SERC20"},"content":{"rendered":"<p>SERVAL. Lunettes de s\u00e9curit\u00e9 grossissantes. Grossissement +2.0 &#8211; Oculaires en polycarbonate incolore, traitement anti-rayure norm\u00e9 K, longueur des branches ajustable, pont nasal souple confortable, large protection lat\u00e9rale<\/p>\n","protected":false},"excerpt":{"rendered":"<div id=\"description\">\n<div>\n<div>\n<div id=\"description\">\n<div>\n<div>\n<div id=\"description\">\n<div>\n<div>\n<div id=\"description\">\n<div>\n<div>\n<div id=\"description\">\n<div>\n<div>\n<div id=\"description\">\n<div>\n<div>\n<div id=\"description\">\n<div>\n<div>\n<div id=\"description\">\n<div>\n<div>\n<div id=\"description\">\n<div>\n<div>\n<div id=\"description\">\n<div>\n<div>\n<div id=\"description\">\n<div>\n<div>COULEUR : Gris<\/div>\n<\/div>\n<\/div>\n<div id=\"additional\">\n<div>\n<p>GAMME :\u00a0Protection des yeux<\/p>\n<p>AVANTAGES :\u00a0Protection sup\u00e9rieure &#8211; Traitement anti-rayure norm\u00e9 K &#8211; Large protection lat\u00e9rale Confort d&rsquo;usage &#8211; Grossissement sur la surface totale de l&rsquo;oculaire &#8211; Pont nasal souple confortable &#8211; Longueur des branches ajustable<\/p>\n<p>SECTEURS INDUSTRIELS :\u00a0Bricolage, Collectivit\u00e9s (maintenance; entretien d\u2019espaces verts; collecte des d\u00e9chets\u2026), Fabrication d\u2019\u00e9quipements et machines \u00e9lectriques et \u00e9lectroniques, Industries l\u00e9g\u00e8res (textile; cuir; plasturgie; caoutchouc; meubles; luxe\u2026), Infrastructure; building industry, Maintenance, Second-\u0153uvre du b\u00e2timent, Services et distribution<\/p>\n<p>SOUS-FAMILLE :\u00a0Lunettes de protection<\/p>\n<p>CAT\u00c9GORIE EPI :\u00a0II<\/p>\n<p><a href=\"https:\/\/taalba-dz.com\/wp-content\/uploads\/2024\/10\/6SERC20_fr.pdf\" target=\"_blank\" rel=\"noopener\"><button>T\u00e9l\u00e9charger La Fiche Technique<\/button><\/a><\/p>\n<\/div>\n<\/div>\n<\/div>\n<\/div>\n<\/div>\n<\/div>\n<\/div>\n<\/div>\n<\/div>\n<\/div>\n<\/div>\n<\/div>\n<\/div>\n<\/div>\n<\/div>\n<\/div>\n<\/div>\n<\/div>\n<\/div>\n<\/div>\n<\/div>\n<\/div>\n<\/div>\n<\/div>\n<\/div>\n<\/div>\n<\/div>\n<\/div>\n<\/div>\n<\/div>\n<\/div>\n<\/div>\n","protected":false},"featured_media":2299,"template":"","meta":{"_kad_post_transparent":"","_kad_post_title":"","_kad_post_layout":"","_kad_post_sidebar_id":"","_kad_post_content_style":"","_kad_post_vertical_padding":"","_kad_post_feature":"","_kad_post_feature_position":"","_kad_post_header":false,"_kad_post_footer":false,"_kad_post_classname":""},"product_brand":[],"product_cat":[17,20],"product_tag":[45],"class_list":{"0":"post-2298","1":"product","2":"type-product","3":"status-publish","4":"has-post-thumbnail","6":"product_cat-protection-de-la-tete","7":"product_cat-protection-des-yeux","8":"product_tag-protection-de-la-tete","10":"first","11":"instock","12":"shipping-taxable","13":"product-type-simple","14":"entry","15":"content-bg","16":"loop-entry"},"yoast_head":"<!-- This site is optimized with the Yoast SEO plugin v26.9 - https:\/\/yoast.com\/product\/yoast-seo-wordpress\/ -->\n<title>LUNETTES DE PROTECTION - SERVAL INCOLORE K +2.0 - 6SERC20 - MPGI TAALBA<\/title>\n<meta name=\"robots\" content=\"index, follow, max-snippet:-1, max-image-preview:large, max-video-preview:-1\" \/>\n<link rel=\"canonical\" href=\"https:\/\/taalba-dz.com\/dz\/product\/serval\/\" \/>\n<meta property=\"og:locale\" content=\"fr_FR\" \/>\n<meta property=\"og:type\" content=\"article\" \/>\n<meta property=\"og:title\" content=\"LUNETTES DE PROTECTION - SERVAL INCOLORE K +2.0 - 6SERC20 - MPGI TAALBA\" \/>\n<meta property=\"og:description\" content=\"COULEUR : Gris   GAMME :\u00a0Protection des yeux AVANTAGES :\u00a0Protection sup\u00e9rieure - Traitement anti-rayure norm\u00e9 K - Large protection lat\u00e9rale Confort d&#039;usage - Grossissement sur la surface totale de l&#039;oculaire - Pont nasal souple confortable - Longueur des branches ajustable SECTEURS INDUSTRIELS :\u00a0Bricolage, Collectivit\u00e9s (maintenance; entretien d\u2019espaces verts; collecte des d\u00e9chets\u2026), Fabrication d\u2019\u00e9quipements et machines \u00e9lectriques et \u00e9lectroniques, Industries l\u00e9g\u00e8res (textile; cuir; plasturgie; caoutchouc; meubles; luxe\u2026), Infrastructure; building industry, Maintenance, Second-\u0153uvre du b\u00e2timent, Services et distribution SOUS-FAMILLE :\u00a0Lunettes de protection CAT\u00c9GORIE EPI :\u00a0II T\u00e9l\u00e9charger La Fiche Technique\" \/>\n<meta property=\"og:url\" content=\"https:\/\/taalba-dz.com\/dz\/product\/serval\/\" \/>\n<meta property=\"og:site_name\" content=\"MPGI TAALBA\" \/>\n<meta property=\"article:publisher\" content=\"https:\/\/www.facebook.com\/profile.php?id=100078120130692\" \/>\n<meta property=\"og:image\" content=\"https:\/\/taalba-dz.com\/dz\/wp-content\/uploads\/2024\/04\/6serc20_serval_1.png\" \/>\n\t<meta property=\"og:image:width\" content=\"500\" \/>\n\t<meta property=\"og:image:height\" content=\"323\" \/>\n\t<meta property=\"og:image:type\" content=\"image\/png\" \/>\n<meta name=\"twitter:card\" content=\"summary_large_image\" \/>\n<meta name=\"twitter:label1\" content=\"Dur\u00e9e de lecture estim\u00e9e\" \/>\n\t<meta name=\"twitter:data1\" content=\"1 minute\" \/>\n<script type=\"application\/ld+json\" class=\"yoast-schema-graph\">{\"@context\":\"https:\/\/schema.org\",\"@graph\":[{\"@type\":\"WebPage\",\"@id\":\"https:\/\/taalba-dz.com\/dz\/product\/serval\/\",\"url\":\"https:\/\/taalba-dz.com\/dz\/product\/serval\/\",\"name\":\"LUNETTES DE PROTECTION - SERVAL INCOLORE K +2.0 - 6SERC20 - MPGI TAALBA\",\"isPartOf\":{\"@id\":\"https:\/\/taalba-dz.com\/dz\/#website\"},\"primaryImageOfPage\":{\"@id\":\"https:\/\/taalba-dz.com\/dz\/product\/serval\/#primaryimage\"},\"image\":{\"@id\":\"https:\/\/taalba-dz.com\/dz\/product\/serval\/#primaryimage\"},\"thumbnailUrl\":\"https:\/\/taalba-dz.com\/dz\/wp-content\/uploads\/2024\/04\/6serc20_serval_1.png\",\"datePublished\":\"2024-04-20T17:54:52+00:00\",\"breadcrumb\":{\"@id\":\"https:\/\/taalba-dz.com\/dz\/product\/serval\/#breadcrumb\"},\"inLanguage\":\"fr-FR\",\"potentialAction\":[{\"@type\":\"ReadAction\",\"target\":[\"https:\/\/taalba-dz.com\/dz\/product\/serval\/\"]}]},{\"@type\":\"ImageObject\",\"inLanguage\":\"fr-FR\",\"@id\":\"https:\/\/taalba-dz.com\/dz\/product\/serval\/#primaryimage\",\"url\":\"https:\/\/taalba-dz.com\/dz\/wp-content\/uploads\/2024\/04\/6serc20_serval_1.png\",\"contentUrl\":\"https:\/\/taalba-dz.com\/dz\/wp-content\/uploads\/2024\/04\/6serc20_serval_1.png\",\"width\":500,\"height\":323},{\"@type\":\"BreadcrumbList\",\"@id\":\"https:\/\/taalba-dz.com\/dz\/product\/serval\/#breadcrumb\",\"itemListElement\":[{\"@type\":\"ListItem\",\"position\":1,\"name\":\"Accueil\",\"item\":\"https:\/\/taalba-dz.com\/dz\/\"},{\"@type\":\"ListItem\",\"position\":2,\"name\":\"Nos Produits\",\"item\":\"https:\/\/taalba-dz.com\/dz\/nos-produits\/\"},{\"@type\":\"ListItem\",\"position\":3,\"name\":\"LUNETTES DE PROTECTION &#8211; SERVAL INCOLORE K +2.0 &#8211; 6SERC20\"}]},{\"@type\":\"WebSite\",\"@id\":\"https:\/\/taalba-dz.com\/dz\/#website\",\"url\":\"https:\/\/taalba-dz.com\/dz\/\",\"name\":\"MPGI TAALBA\",\"description\":\"\",\"publisher\":{\"@id\":\"https:\/\/taalba-dz.com\/dz\/#organization\"},\"potentialAction\":[{\"@type\":\"SearchAction\",\"target\":{\"@type\":\"EntryPoint\",\"urlTemplate\":\"https:\/\/taalba-dz.com\/dz\/?s={search_term_string}\"},\"query-input\":{\"@type\":\"PropertyValueSpecification\",\"valueRequired\":true,\"valueName\":\"search_term_string\"}}],\"inLanguage\":\"fr-FR\"},{\"@type\":\"Organization\",\"@id\":\"https:\/\/taalba-dz.com\/dz\/#organization\",\"name\":\"MPGI TAALBA\",\"url\":\"https:\/\/taalba-dz.com\/dz\/\",\"logo\":{\"@type\":\"ImageObject\",\"inLanguage\":\"fr-FR\",\"@id\":\"https:\/\/taalba-dz.com\/dz\/#\/schema\/logo\/image\/\",\"url\":\"https:\/\/taalba-dz.com\/dz\/wp-content\/uploads\/2025\/02\/cropped-logo_taalba-removebg-preview.png\",\"contentUrl\":\"https:\/\/taalba-dz.com\/dz\/wp-content\/uploads\/2025\/02\/cropped-logo_taalba-removebg-preview.png\",\"width\":447,\"height\":554,\"caption\":\"MPGI TAALBA\"},\"image\":{\"@id\":\"https:\/\/taalba-dz.com\/dz\/#\/schema\/logo\/image\/\"},\"sameAs\":[\"https:\/\/www.facebook.com\/profile.php?id=100078120130692\"]}]}<\/script>\n<!-- \/ Yoast SEO plugin. -->","yoast_head_json":{"title":"LUNETTES DE PROTECTION - SERVAL INCOLORE K +2.0 - 6SERC20 - MPGI TAALBA","robots":{"index":"index","follow":"follow","max-snippet":"max-snippet:-1","max-image-preview":"max-image-preview:large","max-video-preview":"max-video-preview:-1"},"canonical":"https:\/\/taalba-dz.com\/dz\/product\/serval\/","og_locale":"fr_FR","og_type":"article","og_title":"LUNETTES DE PROTECTION - SERVAL INCOLORE K +2.0 - 6SERC20 - MPGI TAALBA","og_description":"COULEUR : Gris   GAMME :\u00a0Protection des yeux AVANTAGES :\u00a0Protection sup\u00e9rieure - Traitement anti-rayure norm\u00e9 K - Large protection lat\u00e9rale Confort d'usage - Grossissement sur la surface totale de l'oculaire - Pont nasal souple confortable - Longueur des branches ajustable SECTEURS INDUSTRIELS :\u00a0Bricolage, Collectivit\u00e9s (maintenance; entretien d\u2019espaces verts; collecte des d\u00e9chets\u2026), Fabrication d\u2019\u00e9quipements et machines \u00e9lectriques et \u00e9lectroniques, Industries l\u00e9g\u00e8res (textile; cuir; plasturgie; caoutchouc; meubles; luxe\u2026), Infrastructure; building industry, Maintenance, Second-\u0153uvre du b\u00e2timent, Services et distribution SOUS-FAMILLE :\u00a0Lunettes de protection CAT\u00c9GORIE EPI :\u00a0II T\u00e9l\u00e9charger La Fiche Technique","og_url":"https:\/\/taalba-dz.com\/dz\/product\/serval\/","og_site_name":"MPGI TAALBA","article_publisher":"https:\/\/www.facebook.com\/profile.php?id=100078120130692","og_image":[{"width":500,"height":323,"url":"https:\/\/taalba-dz.com\/dz\/wp-content\/uploads\/2024\/04\/6serc20_serval_1.png","type":"image\/png"}],"twitter_card":"summary_large_image","twitter_misc":{"Dur\u00e9e de lecture estim\u00e9e":"1 minute"},"schema":{"@context":"https:\/\/schema.org","@graph":[{"@type":"WebPage","@id":"https:\/\/taalba-dz.com\/dz\/product\/serval\/","url":"https:\/\/taalba-dz.com\/dz\/product\/serval\/","name":"LUNETTES DE PROTECTION - SERVAL INCOLORE K +2.0 - 6SERC20 - MPGI TAALBA","isPartOf":{"@id":"https:\/\/taalba-dz.com\/dz\/#website"},"primaryImageOfPage":{"@id":"https:\/\/taalba-dz.com\/dz\/product\/serval\/#primaryimage"},"image":{"@id":"https:\/\/taalba-dz.com\/dz\/product\/serval\/#primaryimage"},"thumbnailUrl":"https:\/\/taalba-dz.com\/dz\/wp-content\/uploads\/2024\/04\/6serc20_serval_1.png","datePublished":"2024-04-20T17:54:52+00:00","breadcrumb":{"@id":"https:\/\/taalba-dz.com\/dz\/product\/serval\/#breadcrumb"},"inLanguage":"fr-FR","potentialAction":[{"@type":"ReadAction","target":["https:\/\/taalba-dz.com\/dz\/product\/serval\/"]}]},{"@type":"ImageObject","inLanguage":"fr-FR","@id":"https:\/\/taalba-dz.com\/dz\/product\/serval\/#primaryimage","url":"https:\/\/taalba-dz.com\/dz\/wp-content\/uploads\/2024\/04\/6serc20_serval_1.png","contentUrl":"https:\/\/taalba-dz.com\/dz\/wp-content\/uploads\/2024\/04\/6serc20_serval_1.png","width":500,"height":323},{"@type":"BreadcrumbList","@id":"https:\/\/taalba-dz.com\/dz\/product\/serval\/#breadcrumb","itemListElement":[{"@type":"ListItem","position":1,"name":"Accueil","item":"https:\/\/taalba-dz.com\/dz\/"},{"@type":"ListItem","position":2,"name":"Nos Produits","item":"https:\/\/taalba-dz.com\/dz\/nos-produits\/"},{"@type":"ListItem","position":3,"name":"LUNETTES DE PROTECTION &#8211; SERVAL INCOLORE K +2.0 &#8211; 6SERC20"}]},{"@type":"WebSite","@id":"https:\/\/taalba-dz.com\/dz\/#website","url":"https:\/\/taalba-dz.com\/dz\/","name":"MPGI TAALBA","description":"","publisher":{"@id":"https:\/\/taalba-dz.com\/dz\/#organization"},"potentialAction":[{"@type":"SearchAction","target":{"@type":"EntryPoint","urlTemplate":"https:\/\/taalba-dz.com\/dz\/?s={search_term_string}"},"query-input":{"@type":"PropertyValueSpecification","valueRequired":true,"valueName":"search_term_string"}}],"inLanguage":"fr-FR"},{"@type":"Organization","@id":"https:\/\/taalba-dz.com\/dz\/#organization","name":"MPGI TAALBA","url":"https:\/\/taalba-dz.com\/dz\/","logo":{"@type":"ImageObject","inLanguage":"fr-FR","@id":"https:\/\/taalba-dz.com\/dz\/#\/schema\/logo\/image\/","url":"https:\/\/taalba-dz.com\/dz\/wp-content\/uploads\/2025\/02\/cropped-logo_taalba-removebg-preview.png","contentUrl":"https:\/\/taalba-dz.com\/dz\/wp-content\/uploads\/2025\/02\/cropped-logo_taalba-removebg-preview.png","width":447,"height":554,"caption":"MPGI TAALBA"},"image":{"@id":"https:\/\/taalba-dz.com\/dz\/#\/schema\/logo\/image\/"},"sameAs":["https:\/\/www.facebook.com\/profile.php?id=100078120130692"]}]}},"_links":{"self":[{"href":"https:\/\/taalba-dz.com\/dz\/wp-json\/wp\/v2\/product\/2298","targetHints":{"allow":["GET"]}}],"collection":[{"href":"https:\/\/taalba-dz.com\/dz\/wp-json\/wp\/v2\/product"}],"about":[{"href":"https:\/\/taalba-dz.com\/dz\/wp-json\/wp\/v2\/types\/product"}],"wp:featuredmedia":[{"embeddable":true,"href":"https:\/\/taalba-dz.com\/dz\/wp-json\/wp\/v2\/media\/2299"}],"wp:attachment":[{"href":"https:\/\/taalba-dz.com\/dz\/wp-json\/wp\/v2\/media?parent=2298"}],"wp:term":[{"taxonomy":"product_brand","embeddable":true,"href":"https:\/\/taalba-dz.com\/dz\/wp-json\/wp\/v2\/product_brand?post=2298"},{"taxonomy":"product_cat","embeddable":true,"href":"https:\/\/taalba-dz.com\/dz\/wp-json\/wp\/v2\/product_cat?post=2298"},{"taxonomy":"product_tag","embeddable":true,"href":"https:\/\/taalba-dz.com\/dz\/wp-json\/wp\/v2\/product_tag?post=2298"}],"curies":[{"name":"wp","href":"https:\/\/api.w.org\/{rel}","templated":true}]}}