{"id":2148,"date":"2024-04-18T16:42:32","date_gmt":"2024-04-18T16:42:32","guid":{"rendered":"https:\/\/taalba-dz.com\/?post_type=product&amp;p=2148"},"modified":"2024-04-18T16:42:32","modified_gmt":"2024-04-18T16:42:32","slug":"eurowinter-f110","status":"publish","type":"product","link":"https:\/\/taalba-dz.com\/dz\/product\/eurowinter-f110\/","title":{"rendered":"GANTS EUROWINTER F110 TYPE A FROID 2 PVC JAUNE 35CM &#8211; 1WICH00"},"content":{"rendered":"<p>Tricot sans couture \u00e0 base de nylon, Enduction totale en PVC jaune, finition \u00ab\u00a0grain\u00e9e\u00a0\u00bb sur la main, Doublure en acrylique \/ laine, Manchette longue, coupe droite, longueur totale 35cm, trait\u00e9 Santized<\/p>\n","protected":false},"excerpt":{"rendered":"<div id=\"description\">\n<div class=\"product attibute description\">\n<div class=\"value\">\n<p>COULEUR : Jaune HV<\/p>\n<p>GAMME : Protection thermique<\/p>\n<p>AVANTAGES : Protection chimique et thermique Protection \u00e9tanche Durabilit\u00e9 Finition anti-d\u00e9rapante sur la main Traitement Sanitized\u00ae pour une meilleure hygi\u00e8ne<\/p>\n<p>SECTEURS INDUSTRIELS : Infrastructure; building industry, Maintenance, Second-\u0153uvre du b\u00e2timent, Services et distribution, Transport (hors fabrication) et logistique<\/p>\n<p>SOUS-FAMILLE : Protection contre le froid<\/p>\n<p>CAT\u00c9GORIE EPI : III<br \/>\n<a href=\"https:\/\/taalba-dz.com\/wp-content\/uploads\/2024\/10\/1WICH00_fr.pdf\" target=\"_blank\" rel=\"noopener\"><button>T\u00e9l\u00e9charger La Fiche Technique<\/button><\/a>\n<\/div>\n<\/div>\n<\/div>\n","protected":false},"featured_media":2149,"template":"","meta":{"_kad_post_transparent":"","_kad_post_title":"","_kad_post_layout":"","_kad_post_sidebar_id":"","_kad_post_content_style":"","_kad_post_vertical_padding":"","_kad_post_feature":"","_kad_post_feature_position":"","_kad_post_header":false,"_kad_post_footer":false,"_kad_post_classname":""},"product_brand":[],"product_cat":[21,41],"product_tag":[35],"class_list":{"0":"post-2148","1":"product","2":"type-product","3":"status-publish","4":"has-post-thumbnail","6":"product_cat-protection-des-mains","7":"product_cat-protection-thermique","8":"product_tag-gants-de-travail-et-de-manutention","10":"first","11":"instock","12":"shipping-taxable","13":"product-type-simple","14":"entry","15":"content-bg","16":"loop-entry"},"yoast_head":"<!-- This site is optimized with the Yoast SEO plugin v26.9 - https:\/\/yoast.com\/product\/yoast-seo-wordpress\/ -->\n<title>GANTS EUROWINTER F110 TYPE A FROID 2 PVC JAUNE 35CM - 1WICH00 - MPGI TAALBA<\/title>\n<meta name=\"robots\" content=\"index, follow, max-snippet:-1, max-image-preview:large, max-video-preview:-1\" \/>\n<link rel=\"canonical\" href=\"https:\/\/taalba-dz.com\/dz\/product\/eurowinter-f110\/\" \/>\n<meta property=\"og:locale\" content=\"fr_FR\" \/>\n<meta property=\"og:type\" content=\"article\" \/>\n<meta property=\"og:title\" content=\"GANTS EUROWINTER F110 TYPE A FROID 2 PVC JAUNE 35CM - 1WICH00 - MPGI TAALBA\" \/>\n<meta property=\"og:description\" content=\"COULEUR : Jaune HV GAMME : Protection thermique AVANTAGES : Protection chimique et thermique Protection \u00e9tanche Durabilit\u00e9 Finition anti-d\u00e9rapante sur la main Traitement Sanitized\u00ae pour une meilleure hygi\u00e8ne SECTEURS INDUSTRIELS : Infrastructure; building industry, Maintenance, Second-\u0153uvre du b\u00e2timent, Services et distribution, Transport (hors fabrication) et logistique SOUS-FAMILLE : Protection contre le froid CAT\u00c9GORIE EPI : III T\u00e9l\u00e9charger La Fiche Technique\" \/>\n<meta property=\"og:url\" content=\"https:\/\/taalba-dz.com\/dz\/product\/eurowinter-f110\/\" \/>\n<meta property=\"og:site_name\" content=\"MPGI TAALBA\" \/>\n<meta property=\"article:publisher\" content=\"https:\/\/www.facebook.com\/profile.php?id=100078120130692\" \/>\n<meta property=\"og:image\" content=\"https:\/\/taalba-dz.com\/dz\/wp-content\/uploads\/2024\/04\/1wich00_eurowinter_f110_1.png\" \/>\n\t<meta property=\"og:image:width\" content=\"500\" \/>\n\t<meta property=\"og:image:height\" content=\"1152\" \/>\n\t<meta property=\"og:image:type\" content=\"image\/png\" \/>\n<meta name=\"twitter:card\" content=\"summary_large_image\" \/>\n<meta name=\"twitter:label1\" content=\"Dur\u00e9e de lecture estim\u00e9e\" \/>\n\t<meta name=\"twitter:data1\" content=\"1 minute\" \/>\n<script type=\"application\/ld+json\" class=\"yoast-schema-graph\">{\"@context\":\"https:\/\/schema.org\",\"@graph\":[{\"@type\":\"WebPage\",\"@id\":\"https:\/\/taalba-dz.com\/dz\/product\/eurowinter-f110\/\",\"url\":\"https:\/\/taalba-dz.com\/dz\/product\/eurowinter-f110\/\",\"name\":\"GANTS EUROWINTER F110 TYPE A FROID 2 PVC JAUNE 35CM - 1WICH00 - MPGI TAALBA\",\"isPartOf\":{\"@id\":\"https:\/\/taalba-dz.com\/dz\/#website\"},\"primaryImageOfPage\":{\"@id\":\"https:\/\/taalba-dz.com\/dz\/product\/eurowinter-f110\/#primaryimage\"},\"image\":{\"@id\":\"https:\/\/taalba-dz.com\/dz\/product\/eurowinter-f110\/#primaryimage\"},\"thumbnailUrl\":\"https:\/\/taalba-dz.com\/dz\/wp-content\/uploads\/2024\/04\/1wich00_eurowinter_f110_1.png\",\"datePublished\":\"2024-04-18T16:42:32+00:00\",\"breadcrumb\":{\"@id\":\"https:\/\/taalba-dz.com\/dz\/product\/eurowinter-f110\/#breadcrumb\"},\"inLanguage\":\"fr-FR\",\"potentialAction\":[{\"@type\":\"ReadAction\",\"target\":[\"https:\/\/taalba-dz.com\/dz\/product\/eurowinter-f110\/\"]}]},{\"@type\":\"ImageObject\",\"inLanguage\":\"fr-FR\",\"@id\":\"https:\/\/taalba-dz.com\/dz\/product\/eurowinter-f110\/#primaryimage\",\"url\":\"https:\/\/taalba-dz.com\/dz\/wp-content\/uploads\/2024\/04\/1wich00_eurowinter_f110_1.png\",\"contentUrl\":\"https:\/\/taalba-dz.com\/dz\/wp-content\/uploads\/2024\/04\/1wich00_eurowinter_f110_1.png\",\"width\":500,\"height\":1152},{\"@type\":\"BreadcrumbList\",\"@id\":\"https:\/\/taalba-dz.com\/dz\/product\/eurowinter-f110\/#breadcrumb\",\"itemListElement\":[{\"@type\":\"ListItem\",\"position\":1,\"name\":\"Accueil\",\"item\":\"https:\/\/taalba-dz.com\/dz\/\"},{\"@type\":\"ListItem\",\"position\":2,\"name\":\"Nos Produits\",\"item\":\"https:\/\/taalba-dz.com\/dz\/nos-produits\/\"},{\"@type\":\"ListItem\",\"position\":3,\"name\":\"GANTS EUROWINTER F110 TYPE A FROID 2 PVC JAUNE 35CM &#8211; 1WICH00\"}]},{\"@type\":\"WebSite\",\"@id\":\"https:\/\/taalba-dz.com\/dz\/#website\",\"url\":\"https:\/\/taalba-dz.com\/dz\/\",\"name\":\"MPGI TAALBA\",\"description\":\"\",\"publisher\":{\"@id\":\"https:\/\/taalba-dz.com\/dz\/#organization\"},\"potentialAction\":[{\"@type\":\"SearchAction\",\"target\":{\"@type\":\"EntryPoint\",\"urlTemplate\":\"https:\/\/taalba-dz.com\/dz\/?s={search_term_string}\"},\"query-input\":{\"@type\":\"PropertyValueSpecification\",\"valueRequired\":true,\"valueName\":\"search_term_string\"}}],\"inLanguage\":\"fr-FR\"},{\"@type\":\"Organization\",\"@id\":\"https:\/\/taalba-dz.com\/dz\/#organization\",\"name\":\"MPGI TAALBA\",\"url\":\"https:\/\/taalba-dz.com\/dz\/\",\"logo\":{\"@type\":\"ImageObject\",\"inLanguage\":\"fr-FR\",\"@id\":\"https:\/\/taalba-dz.com\/dz\/#\/schema\/logo\/image\/\",\"url\":\"https:\/\/taalba-dz.com\/dz\/wp-content\/uploads\/2025\/02\/cropped-logo_taalba-removebg-preview.png\",\"contentUrl\":\"https:\/\/taalba-dz.com\/dz\/wp-content\/uploads\/2025\/02\/cropped-logo_taalba-removebg-preview.png\",\"width\":447,\"height\":554,\"caption\":\"MPGI TAALBA\"},\"image\":{\"@id\":\"https:\/\/taalba-dz.com\/dz\/#\/schema\/logo\/image\/\"},\"sameAs\":[\"https:\/\/www.facebook.com\/profile.php?id=100078120130692\"]}]}<\/script>\n<!-- \/ Yoast SEO plugin. -->","yoast_head_json":{"title":"GANTS EUROWINTER F110 TYPE A FROID 2 PVC JAUNE 35CM - 1WICH00 - MPGI TAALBA","robots":{"index":"index","follow":"follow","max-snippet":"max-snippet:-1","max-image-preview":"max-image-preview:large","max-video-preview":"max-video-preview:-1"},"canonical":"https:\/\/taalba-dz.com\/dz\/product\/eurowinter-f110\/","og_locale":"fr_FR","og_type":"article","og_title":"GANTS EUROWINTER F110 TYPE A FROID 2 PVC JAUNE 35CM - 1WICH00 - MPGI TAALBA","og_description":"COULEUR : Jaune HV GAMME : Protection thermique AVANTAGES : Protection chimique et thermique Protection \u00e9tanche Durabilit\u00e9 Finition anti-d\u00e9rapante sur la main Traitement Sanitized\u00ae pour une meilleure hygi\u00e8ne SECTEURS INDUSTRIELS : Infrastructure; building industry, Maintenance, Second-\u0153uvre du b\u00e2timent, Services et distribution, Transport (hors fabrication) et logistique SOUS-FAMILLE : Protection contre le froid CAT\u00c9GORIE EPI : III T\u00e9l\u00e9charger La Fiche Technique","og_url":"https:\/\/taalba-dz.com\/dz\/product\/eurowinter-f110\/","og_site_name":"MPGI TAALBA","article_publisher":"https:\/\/www.facebook.com\/profile.php?id=100078120130692","og_image":[{"width":500,"height":1152,"url":"https:\/\/taalba-dz.com\/dz\/wp-content\/uploads\/2024\/04\/1wich00_eurowinter_f110_1.png","type":"image\/png"}],"twitter_card":"summary_large_image","twitter_misc":{"Dur\u00e9e de lecture estim\u00e9e":"1 minute"},"schema":{"@context":"https:\/\/schema.org","@graph":[{"@type":"WebPage","@id":"https:\/\/taalba-dz.com\/dz\/product\/eurowinter-f110\/","url":"https:\/\/taalba-dz.com\/dz\/product\/eurowinter-f110\/","name":"GANTS EUROWINTER F110 TYPE A FROID 2 PVC JAUNE 35CM - 1WICH00 - MPGI TAALBA","isPartOf":{"@id":"https:\/\/taalba-dz.com\/dz\/#website"},"primaryImageOfPage":{"@id":"https:\/\/taalba-dz.com\/dz\/product\/eurowinter-f110\/#primaryimage"},"image":{"@id":"https:\/\/taalba-dz.com\/dz\/product\/eurowinter-f110\/#primaryimage"},"thumbnailUrl":"https:\/\/taalba-dz.com\/dz\/wp-content\/uploads\/2024\/04\/1wich00_eurowinter_f110_1.png","datePublished":"2024-04-18T16:42:32+00:00","breadcrumb":{"@id":"https:\/\/taalba-dz.com\/dz\/product\/eurowinter-f110\/#breadcrumb"},"inLanguage":"fr-FR","potentialAction":[{"@type":"ReadAction","target":["https:\/\/taalba-dz.com\/dz\/product\/eurowinter-f110\/"]}]},{"@type":"ImageObject","inLanguage":"fr-FR","@id":"https:\/\/taalba-dz.com\/dz\/product\/eurowinter-f110\/#primaryimage","url":"https:\/\/taalba-dz.com\/dz\/wp-content\/uploads\/2024\/04\/1wich00_eurowinter_f110_1.png","contentUrl":"https:\/\/taalba-dz.com\/dz\/wp-content\/uploads\/2024\/04\/1wich00_eurowinter_f110_1.png","width":500,"height":1152},{"@type":"BreadcrumbList","@id":"https:\/\/taalba-dz.com\/dz\/product\/eurowinter-f110\/#breadcrumb","itemListElement":[{"@type":"ListItem","position":1,"name":"Accueil","item":"https:\/\/taalba-dz.com\/dz\/"},{"@type":"ListItem","position":2,"name":"Nos Produits","item":"https:\/\/taalba-dz.com\/dz\/nos-produits\/"},{"@type":"ListItem","position":3,"name":"GANTS EUROWINTER F110 TYPE A FROID 2 PVC JAUNE 35CM &#8211; 1WICH00"}]},{"@type":"WebSite","@id":"https:\/\/taalba-dz.com\/dz\/#website","url":"https:\/\/taalba-dz.com\/dz\/","name":"MPGI TAALBA","description":"","publisher":{"@id":"https:\/\/taalba-dz.com\/dz\/#organization"},"potentialAction":[{"@type":"SearchAction","target":{"@type":"EntryPoint","urlTemplate":"https:\/\/taalba-dz.com\/dz\/?s={search_term_string}"},"query-input":{"@type":"PropertyValueSpecification","valueRequired":true,"valueName":"search_term_string"}}],"inLanguage":"fr-FR"},{"@type":"Organization","@id":"https:\/\/taalba-dz.com\/dz\/#organization","name":"MPGI TAALBA","url":"https:\/\/taalba-dz.com\/dz\/","logo":{"@type":"ImageObject","inLanguage":"fr-FR","@id":"https:\/\/taalba-dz.com\/dz\/#\/schema\/logo\/image\/","url":"https:\/\/taalba-dz.com\/dz\/wp-content\/uploads\/2025\/02\/cropped-logo_taalba-removebg-preview.png","contentUrl":"https:\/\/taalba-dz.com\/dz\/wp-content\/uploads\/2025\/02\/cropped-logo_taalba-removebg-preview.png","width":447,"height":554,"caption":"MPGI TAALBA"},"image":{"@id":"https:\/\/taalba-dz.com\/dz\/#\/schema\/logo\/image\/"},"sameAs":["https:\/\/www.facebook.com\/profile.php?id=100078120130692"]}]}},"_links":{"self":[{"href":"https:\/\/taalba-dz.com\/dz\/wp-json\/wp\/v2\/product\/2148","targetHints":{"allow":["GET"]}}],"collection":[{"href":"https:\/\/taalba-dz.com\/dz\/wp-json\/wp\/v2\/product"}],"about":[{"href":"https:\/\/taalba-dz.com\/dz\/wp-json\/wp\/v2\/types\/product"}],"wp:featuredmedia":[{"embeddable":true,"href":"https:\/\/taalba-dz.com\/dz\/wp-json\/wp\/v2\/media\/2149"}],"wp:attachment":[{"href":"https:\/\/taalba-dz.com\/dz\/wp-json\/wp\/v2\/media?parent=2148"}],"wp:term":[{"taxonomy":"product_brand","embeddable":true,"href":"https:\/\/taalba-dz.com\/dz\/wp-json\/wp\/v2\/product_brand?post=2148"},{"taxonomy":"product_cat","embeddable":true,"href":"https:\/\/taalba-dz.com\/dz\/wp-json\/wp\/v2\/product_cat?post=2148"},{"taxonomy":"product_tag","embeddable":true,"href":"https:\/\/taalba-dz.com\/dz\/wp-json\/wp\/v2\/product_tag?post=2148"}],"curies":[{"name":"wp","href":"https:\/\/api.w.org\/{rel}","templated":true}]}}