{"id":2133,"date":"2024-04-18T16:38:37","date_gmt":"2024-04-18T16:38:37","guid":{"rendered":"https:\/\/taalba-dz.com\/?post_type=product&amp;p=2133"},"modified":"2024-04-18T16:38:37","modified_gmt":"2024-04-18T16:38:37","slug":"eurowinter-d100","status":"publish","type":"product","link":"https:\/\/taalba-dz.com\/dz\/product\/eurowinter-d100\/","title":{"rendered":"Gants EUROWINTER D100 J13 CUT D. HPPE latex 2 tricots &#8211; 1WIND0"},"content":{"rendered":"<p>Tricot bleu sans couture \u00e0 base de HDPE, Doublure en bouclette acrylique grise, Double enduction latex lisse bleu sur main compl\u00e8te et mousse de latex bleu fonc\u00e9 sur la paume, pouce enduit, Forme ergonomique, Poignet tricot<\/p>\n","protected":false},"excerpt":{"rendered":"<div id=\"description\">\n<div class=\"product attibute description\">\n<div class=\"value\">\n<p>COULEUR : Bleu Fonc\u00e9<\/p>\n<p>GAMME : Protection thermique<\/p>\n<p>AVANTAGES : Bonne combinaison de protection coupure CUT D et protection thermique niveau 2 Double enduction latex pour plus d&rsquo;\u00e9tanch\u00e9it\u00e9 Bon grip en milieu sec et humide Souplesse et dext\u00e9rit\u00e9<\/p>\n<p>SECTEURS INDUSTRIELS : Collectivit\u00e9s (maintenance; entretien d\u2019espaces verts; collecte des d\u00e9chets\u2026), Infrastructure; building industry, Second-\u0153uvre du b\u00e2timent, Transport (hors fabrication) et logistique<\/p>\n<p>SOUS-FAMILLE : Protection contre le froid<\/p>\n<p>CAT\u00c9GORIE EPI : II<br \/>\n<a href=\"https:\/\/taalba-dz.com\/wp-content\/uploads\/2024\/10\/1WIND0_fr.pdf\" target=\"_blank\" rel=\"noopener\"><button>T\u00e9l\u00e9charger La Fiche Technique<\/button><\/a>\n<\/div>\n<\/div>\n<\/div>\n","protected":false},"featured_media":2134,"template":"","meta":{"_kad_post_transparent":"","_kad_post_title":"","_kad_post_layout":"","_kad_post_sidebar_id":"","_kad_post_content_style":"","_kad_post_vertical_padding":"","_kad_post_feature":"","_kad_post_feature_position":"","_kad_post_header":false,"_kad_post_footer":false,"_kad_post_classname":""},"product_brand":[],"product_cat":[21,41],"product_tag":[35],"class_list":{"0":"post-2133","1":"product","2":"type-product","3":"status-publish","4":"has-post-thumbnail","6":"product_cat-protection-des-mains","7":"product_cat-protection-thermique","8":"product_tag-gants-de-travail-et-de-manutention","10":"first","11":"instock","12":"shipping-taxable","13":"product-type-simple","14":"entry","15":"content-bg","16":"loop-entry"},"yoast_head":"<!-- This site is optimized with the Yoast SEO plugin v26.9 - https:\/\/yoast.com\/product\/yoast-seo-wordpress\/ -->\n<title>Gants EUROWINTER D100 J13 CUT D. HPPE latex 2 tricots - 1WIND0 - MPGI TAALBA<\/title>\n<meta name=\"robots\" content=\"index, follow, max-snippet:-1, max-image-preview:large, max-video-preview:-1\" \/>\n<link rel=\"canonical\" href=\"https:\/\/taalba-dz.com\/dz\/product\/eurowinter-d100\/\" \/>\n<meta property=\"og:locale\" content=\"fr_FR\" \/>\n<meta property=\"og:type\" content=\"article\" \/>\n<meta property=\"og:title\" content=\"Gants EUROWINTER D100 J13 CUT D. HPPE latex 2 tricots - 1WIND0 - MPGI TAALBA\" \/>\n<meta property=\"og:description\" content=\"COULEUR : Bleu Fonc\u00e9 GAMME : Protection thermique AVANTAGES : Bonne combinaison de protection coupure CUT D et protection thermique niveau 2 Double enduction latex pour plus d&#039;\u00e9tanch\u00e9it\u00e9 Bon grip en milieu sec et humide Souplesse et dext\u00e9rit\u00e9 SECTEURS INDUSTRIELS : Collectivit\u00e9s (maintenance; entretien d\u2019espaces verts; collecte des d\u00e9chets\u2026), Infrastructure; building industry, Second-\u0153uvre du b\u00e2timent, Transport (hors fabrication) et logistique SOUS-FAMILLE : Protection contre le froid CAT\u00c9GORIE EPI : II T\u00e9l\u00e9charger La Fiche Technique\" \/>\n<meta property=\"og:url\" content=\"https:\/\/taalba-dz.com\/dz\/product\/eurowinter-d100\/\" \/>\n<meta property=\"og:site_name\" content=\"MPGI TAALBA\" \/>\n<meta property=\"article:publisher\" content=\"https:\/\/www.facebook.com\/profile.php?id=100078120130692\" \/>\n<meta property=\"og:image\" content=\"https:\/\/taalba-dz.com\/dz\/wp-content\/uploads\/2024\/04\/1wind0_eurowinter_d100_1.png\" \/>\n\t<meta property=\"og:image:width\" content=\"500\" \/>\n\t<meta property=\"og:image:height\" content=\"853\" \/>\n\t<meta property=\"og:image:type\" content=\"image\/png\" \/>\n<meta name=\"twitter:card\" content=\"summary_large_image\" \/>\n<meta name=\"twitter:label1\" content=\"Dur\u00e9e de lecture estim\u00e9e\" \/>\n\t<meta name=\"twitter:data1\" content=\"1 minute\" \/>\n<script type=\"application\/ld+json\" class=\"yoast-schema-graph\">{\"@context\":\"https:\/\/schema.org\",\"@graph\":[{\"@type\":\"WebPage\",\"@id\":\"https:\/\/taalba-dz.com\/dz\/product\/eurowinter-d100\/\",\"url\":\"https:\/\/taalba-dz.com\/dz\/product\/eurowinter-d100\/\",\"name\":\"Gants EUROWINTER D100 J13 CUT D. HPPE latex 2 tricots - 1WIND0 - MPGI TAALBA\",\"isPartOf\":{\"@id\":\"https:\/\/taalba-dz.com\/dz\/#website\"},\"primaryImageOfPage\":{\"@id\":\"https:\/\/taalba-dz.com\/dz\/product\/eurowinter-d100\/#primaryimage\"},\"image\":{\"@id\":\"https:\/\/taalba-dz.com\/dz\/product\/eurowinter-d100\/#primaryimage\"},\"thumbnailUrl\":\"https:\/\/taalba-dz.com\/dz\/wp-content\/uploads\/2024\/04\/1wind0_eurowinter_d100_1.png\",\"datePublished\":\"2024-04-18T16:38:37+00:00\",\"breadcrumb\":{\"@id\":\"https:\/\/taalba-dz.com\/dz\/product\/eurowinter-d100\/#breadcrumb\"},\"inLanguage\":\"fr-FR\",\"potentialAction\":[{\"@type\":\"ReadAction\",\"target\":[\"https:\/\/taalba-dz.com\/dz\/product\/eurowinter-d100\/\"]}]},{\"@type\":\"ImageObject\",\"inLanguage\":\"fr-FR\",\"@id\":\"https:\/\/taalba-dz.com\/dz\/product\/eurowinter-d100\/#primaryimage\",\"url\":\"https:\/\/taalba-dz.com\/dz\/wp-content\/uploads\/2024\/04\/1wind0_eurowinter_d100_1.png\",\"contentUrl\":\"https:\/\/taalba-dz.com\/dz\/wp-content\/uploads\/2024\/04\/1wind0_eurowinter_d100_1.png\",\"width\":500,\"height\":853},{\"@type\":\"BreadcrumbList\",\"@id\":\"https:\/\/taalba-dz.com\/dz\/product\/eurowinter-d100\/#breadcrumb\",\"itemListElement\":[{\"@type\":\"ListItem\",\"position\":1,\"name\":\"Accueil\",\"item\":\"https:\/\/taalba-dz.com\/dz\/\"},{\"@type\":\"ListItem\",\"position\":2,\"name\":\"Nos Produits\",\"item\":\"https:\/\/taalba-dz.com\/dz\/nos-produits\/\"},{\"@type\":\"ListItem\",\"position\":3,\"name\":\"Gants EUROWINTER D100 J13 CUT D. HPPE latex 2 tricots &#8211; 1WIND0\"}]},{\"@type\":\"WebSite\",\"@id\":\"https:\/\/taalba-dz.com\/dz\/#website\",\"url\":\"https:\/\/taalba-dz.com\/dz\/\",\"name\":\"MPGI TAALBA\",\"description\":\"\",\"publisher\":{\"@id\":\"https:\/\/taalba-dz.com\/dz\/#organization\"},\"potentialAction\":[{\"@type\":\"SearchAction\",\"target\":{\"@type\":\"EntryPoint\",\"urlTemplate\":\"https:\/\/taalba-dz.com\/dz\/?s={search_term_string}\"},\"query-input\":{\"@type\":\"PropertyValueSpecification\",\"valueRequired\":true,\"valueName\":\"search_term_string\"}}],\"inLanguage\":\"fr-FR\"},{\"@type\":\"Organization\",\"@id\":\"https:\/\/taalba-dz.com\/dz\/#organization\",\"name\":\"MPGI TAALBA\",\"url\":\"https:\/\/taalba-dz.com\/dz\/\",\"logo\":{\"@type\":\"ImageObject\",\"inLanguage\":\"fr-FR\",\"@id\":\"https:\/\/taalba-dz.com\/dz\/#\/schema\/logo\/image\/\",\"url\":\"https:\/\/taalba-dz.com\/dz\/wp-content\/uploads\/2025\/02\/cropped-logo_taalba-removebg-preview.png\",\"contentUrl\":\"https:\/\/taalba-dz.com\/dz\/wp-content\/uploads\/2025\/02\/cropped-logo_taalba-removebg-preview.png\",\"width\":447,\"height\":554,\"caption\":\"MPGI TAALBA\"},\"image\":{\"@id\":\"https:\/\/taalba-dz.com\/dz\/#\/schema\/logo\/image\/\"},\"sameAs\":[\"https:\/\/www.facebook.com\/profile.php?id=100078120130692\"]}]}<\/script>\n<!-- \/ Yoast SEO plugin. -->","yoast_head_json":{"title":"Gants EUROWINTER D100 J13 CUT D. HPPE latex 2 tricots - 1WIND0 - MPGI TAALBA","robots":{"index":"index","follow":"follow","max-snippet":"max-snippet:-1","max-image-preview":"max-image-preview:large","max-video-preview":"max-video-preview:-1"},"canonical":"https:\/\/taalba-dz.com\/dz\/product\/eurowinter-d100\/","og_locale":"fr_FR","og_type":"article","og_title":"Gants EUROWINTER D100 J13 CUT D. HPPE latex 2 tricots - 1WIND0 - MPGI TAALBA","og_description":"COULEUR : Bleu Fonc\u00e9 GAMME : Protection thermique AVANTAGES : Bonne combinaison de protection coupure CUT D et protection thermique niveau 2 Double enduction latex pour plus d'\u00e9tanch\u00e9it\u00e9 Bon grip en milieu sec et humide Souplesse et dext\u00e9rit\u00e9 SECTEURS INDUSTRIELS : Collectivit\u00e9s (maintenance; entretien d\u2019espaces verts; collecte des d\u00e9chets\u2026), Infrastructure; building industry, Second-\u0153uvre du b\u00e2timent, Transport (hors fabrication) et logistique SOUS-FAMILLE : Protection contre le froid CAT\u00c9GORIE EPI : II T\u00e9l\u00e9charger La Fiche Technique","og_url":"https:\/\/taalba-dz.com\/dz\/product\/eurowinter-d100\/","og_site_name":"MPGI TAALBA","article_publisher":"https:\/\/www.facebook.com\/profile.php?id=100078120130692","og_image":[{"width":500,"height":853,"url":"https:\/\/taalba-dz.com\/dz\/wp-content\/uploads\/2024\/04\/1wind0_eurowinter_d100_1.png","type":"image\/png"}],"twitter_card":"summary_large_image","twitter_misc":{"Dur\u00e9e de lecture estim\u00e9e":"1 minute"},"schema":{"@context":"https:\/\/schema.org","@graph":[{"@type":"WebPage","@id":"https:\/\/taalba-dz.com\/dz\/product\/eurowinter-d100\/","url":"https:\/\/taalba-dz.com\/dz\/product\/eurowinter-d100\/","name":"Gants EUROWINTER D100 J13 CUT D. HPPE latex 2 tricots - 1WIND0 - MPGI TAALBA","isPartOf":{"@id":"https:\/\/taalba-dz.com\/dz\/#website"},"primaryImageOfPage":{"@id":"https:\/\/taalba-dz.com\/dz\/product\/eurowinter-d100\/#primaryimage"},"image":{"@id":"https:\/\/taalba-dz.com\/dz\/product\/eurowinter-d100\/#primaryimage"},"thumbnailUrl":"https:\/\/taalba-dz.com\/dz\/wp-content\/uploads\/2024\/04\/1wind0_eurowinter_d100_1.png","datePublished":"2024-04-18T16:38:37+00:00","breadcrumb":{"@id":"https:\/\/taalba-dz.com\/dz\/product\/eurowinter-d100\/#breadcrumb"},"inLanguage":"fr-FR","potentialAction":[{"@type":"ReadAction","target":["https:\/\/taalba-dz.com\/dz\/product\/eurowinter-d100\/"]}]},{"@type":"ImageObject","inLanguage":"fr-FR","@id":"https:\/\/taalba-dz.com\/dz\/product\/eurowinter-d100\/#primaryimage","url":"https:\/\/taalba-dz.com\/dz\/wp-content\/uploads\/2024\/04\/1wind0_eurowinter_d100_1.png","contentUrl":"https:\/\/taalba-dz.com\/dz\/wp-content\/uploads\/2024\/04\/1wind0_eurowinter_d100_1.png","width":500,"height":853},{"@type":"BreadcrumbList","@id":"https:\/\/taalba-dz.com\/dz\/product\/eurowinter-d100\/#breadcrumb","itemListElement":[{"@type":"ListItem","position":1,"name":"Accueil","item":"https:\/\/taalba-dz.com\/dz\/"},{"@type":"ListItem","position":2,"name":"Nos Produits","item":"https:\/\/taalba-dz.com\/dz\/nos-produits\/"},{"@type":"ListItem","position":3,"name":"Gants EUROWINTER D100 J13 CUT D. HPPE latex 2 tricots &#8211; 1WIND0"}]},{"@type":"WebSite","@id":"https:\/\/taalba-dz.com\/dz\/#website","url":"https:\/\/taalba-dz.com\/dz\/","name":"MPGI TAALBA","description":"","publisher":{"@id":"https:\/\/taalba-dz.com\/dz\/#organization"},"potentialAction":[{"@type":"SearchAction","target":{"@type":"EntryPoint","urlTemplate":"https:\/\/taalba-dz.com\/dz\/?s={search_term_string}"},"query-input":{"@type":"PropertyValueSpecification","valueRequired":true,"valueName":"search_term_string"}}],"inLanguage":"fr-FR"},{"@type":"Organization","@id":"https:\/\/taalba-dz.com\/dz\/#organization","name":"MPGI TAALBA","url":"https:\/\/taalba-dz.com\/dz\/","logo":{"@type":"ImageObject","inLanguage":"fr-FR","@id":"https:\/\/taalba-dz.com\/dz\/#\/schema\/logo\/image\/","url":"https:\/\/taalba-dz.com\/dz\/wp-content\/uploads\/2025\/02\/cropped-logo_taalba-removebg-preview.png","contentUrl":"https:\/\/taalba-dz.com\/dz\/wp-content\/uploads\/2025\/02\/cropped-logo_taalba-removebg-preview.png","width":447,"height":554,"caption":"MPGI TAALBA"},"image":{"@id":"https:\/\/taalba-dz.com\/dz\/#\/schema\/logo\/image\/"},"sameAs":["https:\/\/www.facebook.com\/profile.php?id=100078120130692"]}]}},"_links":{"self":[{"href":"https:\/\/taalba-dz.com\/dz\/wp-json\/wp\/v2\/product\/2133","targetHints":{"allow":["GET"]}}],"collection":[{"href":"https:\/\/taalba-dz.com\/dz\/wp-json\/wp\/v2\/product"}],"about":[{"href":"https:\/\/taalba-dz.com\/dz\/wp-json\/wp\/v2\/types\/product"}],"wp:featuredmedia":[{"embeddable":true,"href":"https:\/\/taalba-dz.com\/dz\/wp-json\/wp\/v2\/media\/2134"}],"wp:attachment":[{"href":"https:\/\/taalba-dz.com\/dz\/wp-json\/wp\/v2\/media?parent=2133"}],"wp:term":[{"taxonomy":"product_brand","embeddable":true,"href":"https:\/\/taalba-dz.com\/dz\/wp-json\/wp\/v2\/product_brand?post=2133"},{"taxonomy":"product_cat","embeddable":true,"href":"https:\/\/taalba-dz.com\/dz\/wp-json\/wp\/v2\/product_cat?post=2133"},{"taxonomy":"product_tag","embeddable":true,"href":"https:\/\/taalba-dz.com\/dz\/wp-json\/wp\/v2\/product_tag?post=2133"}],"curies":[{"name":"wp","href":"https:\/\/api.w.org\/{rel}","templated":true}]}}