{"id":1369,"date":"2024-03-31T20:26:57","date_gmt":"2024-03-31T20:26:57","guid":{"rendered":"https:\/\/taalba-dz.com\/?post_type=product&amp;p=1369"},"modified":"2024-03-31T20:26:57","modified_gmt":"2024-03-31T20:26:57","slug":"galaxite-s1p-2","status":"publish","type":"product","link":"https:\/\/taalba-dz.com\/dz\/product\/galaxite-s1p-2\/","title":{"rendered":"Chaussures de s\u00e9curit\u00e9 GALAXITE Basse Maille Noire Bleue S1P ESD HRO &#8211; 9GAL120"},"content":{"rendered":"<p>La basket GALAXITE ESD HRO est tr\u00e8s l\u00e9g\u00e8re, flexible et respirante : \u00e0 la pointe du confort. Sa semelle en EVA et en caoutchouc nitrile garantit un excellent amorti, une grande durabilit\u00e9 et de l&rsquo;adh\u00e9rence. Sans m\u00e9tal, cette chaussure est \u00e9quip\u00e9e d&rsquo;un embout composite et d&rsquo;une semelle anti-perforation textile qui offrent une protection optimale tout en assurant une bonne flexibilit\u00e9. GALAXITE est une chaussure id\u00e9ale pour les environnements de travail type logistique, second-\u0153uvre du b\u00e2timent ou bricolage.<\/p>\n","protected":false},"excerpt":{"rendered":"<p>COULEUR : Noir<\/p>\n<p>GAMME : Int\u00e9rieur et milieux secs<\/p>\n<p>AVANTAGES : Tr\u00e8s L\u00e9g\u00e8re (430 gr pour une taille 42) Flexibilit\u00e9 et amorti Respirabilit\u00e9<\/p>\n<p>SECTEURS INDUSTRIELS : Bricolage, Industries l\u00e9g\u00e8res (textile; cuir; plasturgie; caoutchouc; meubles; luxe\u2026), Second-\u0153uvre du b\u00e2timent, Services et distribution, Transport (hors fabrication) et logistique<\/p>\n<p>SOUS-FAMILLE : Basse<\/p>\n<p>CAT\u00c9GORIE EPI : II<br \/>\n<a href=\"https:\/\/taalba-dz.com\/wp-content\/uploads\/2024\/10\/9GAL120_fr.pdf\" target=\"_blank\" rel=\"noopener noreferrer\"><button>T\u00e9l\u00e9charger La Fiche Technique<\/button><\/a><\/p>\n","protected":false},"featured_media":1370,"template":"","meta":{"_kad_post_transparent":"","_kad_post_title":"","_kad_post_layout":"","_kad_post_sidebar_id":"","_kad_post_content_style":"","_kad_post_vertical_padding":"","_kad_post_feature":"","_kad_post_feature_position":"","_kad_post_header":false,"_kad_post_footer":false,"_kad_post_classname":""},"product_brand":[],"product_cat":[30,24],"product_tag":[],"class_list":{"0":"post-1369","1":"product","2":"type-product","3":"status-publish","4":"has-post-thumbnail","6":"product_cat-interieur-et-milieux-secs","7":"product_cat-protection-des-pieds","9":"first","10":"instock","11":"shipping-taxable","12":"product-type-simple","13":"entry","14":"content-bg","15":"loop-entry"},"yoast_head":"<!-- This site is optimized with the Yoast SEO plugin v26.9 - https:\/\/yoast.com\/product\/yoast-seo-wordpress\/ -->\n<title>Chaussures de s\u00e9curit\u00e9 GALAXITE Basse Maille Noire Bleue S1P ESD HRO - 9GAL120 - MPGI TAALBA<\/title>\n<meta name=\"robots\" content=\"index, follow, max-snippet:-1, max-image-preview:large, max-video-preview:-1\" \/>\n<link rel=\"canonical\" href=\"https:\/\/taalba-dz.com\/dz\/product\/galaxite-s1p-2\/\" \/>\n<meta property=\"og:locale\" content=\"fr_FR\" \/>\n<meta property=\"og:type\" content=\"article\" \/>\n<meta property=\"og:title\" content=\"Chaussures de s\u00e9curit\u00e9 GALAXITE Basse Maille Noire Bleue S1P ESD HRO - 9GAL120 - MPGI TAALBA\" \/>\n<meta property=\"og:description\" content=\"COULEUR : Noir GAMME : Int\u00e9rieur et milieux secs AVANTAGES : Tr\u00e8s L\u00e9g\u00e8re (430 gr pour une taille 42) Flexibilit\u00e9 et amorti Respirabilit\u00e9 SECTEURS INDUSTRIELS : Bricolage, Industries l\u00e9g\u00e8res (textile; cuir; plasturgie; caoutchouc; meubles; luxe\u2026), Second-\u0153uvre du b\u00e2timent, Services et distribution, Transport (hors fabrication) et logistique SOUS-FAMILLE : Basse CAT\u00c9GORIE EPI : II T\u00e9l\u00e9charger La Fiche Technique\" \/>\n<meta property=\"og:url\" content=\"https:\/\/taalba-dz.com\/dz\/product\/galaxite-s1p-2\/\" \/>\n<meta property=\"og:site_name\" content=\"MPGI TAALBA\" \/>\n<meta property=\"article:publisher\" content=\"https:\/\/www.facebook.com\/profile.php?id=100078120130692\" \/>\n<meta property=\"og:image\" content=\"https:\/\/taalba-dz.com\/dz\/wp-content\/uploads\/2024\/03\/9gal120_galaxite_s1p_1.png\" \/>\n\t<meta property=\"og:image:width\" content=\"500\" \/>\n\t<meta property=\"og:image:height\" content=\"356\" \/>\n\t<meta property=\"og:image:type\" content=\"image\/png\" \/>\n<meta name=\"twitter:card\" content=\"summary_large_image\" \/>\n<meta name=\"twitter:label1\" content=\"Dur\u00e9e de lecture estim\u00e9e\" \/>\n\t<meta name=\"twitter:data1\" content=\"1 minute\" \/>\n<script type=\"application\/ld+json\" class=\"yoast-schema-graph\">{\"@context\":\"https:\/\/schema.org\",\"@graph\":[{\"@type\":\"WebPage\",\"@id\":\"https:\/\/taalba-dz.com\/dz\/product\/galaxite-s1p-2\/\",\"url\":\"https:\/\/taalba-dz.com\/dz\/product\/galaxite-s1p-2\/\",\"name\":\"Chaussures de s\u00e9curit\u00e9 GALAXITE Basse Maille Noire Bleue S1P ESD HRO - 9GAL120 - MPGI TAALBA\",\"isPartOf\":{\"@id\":\"https:\/\/taalba-dz.com\/dz\/#website\"},\"primaryImageOfPage\":{\"@id\":\"https:\/\/taalba-dz.com\/dz\/product\/galaxite-s1p-2\/#primaryimage\"},\"image\":{\"@id\":\"https:\/\/taalba-dz.com\/dz\/product\/galaxite-s1p-2\/#primaryimage\"},\"thumbnailUrl\":\"https:\/\/taalba-dz.com\/dz\/wp-content\/uploads\/2024\/03\/9gal120_galaxite_s1p_1.png\",\"datePublished\":\"2024-03-31T20:26:57+00:00\",\"breadcrumb\":{\"@id\":\"https:\/\/taalba-dz.com\/dz\/product\/galaxite-s1p-2\/#breadcrumb\"},\"inLanguage\":\"fr-FR\",\"potentialAction\":[{\"@type\":\"ReadAction\",\"target\":[\"https:\/\/taalba-dz.com\/dz\/product\/galaxite-s1p-2\/\"]}]},{\"@type\":\"ImageObject\",\"inLanguage\":\"fr-FR\",\"@id\":\"https:\/\/taalba-dz.com\/dz\/product\/galaxite-s1p-2\/#primaryimage\",\"url\":\"https:\/\/taalba-dz.com\/dz\/wp-content\/uploads\/2024\/03\/9gal120_galaxite_s1p_1.png\",\"contentUrl\":\"https:\/\/taalba-dz.com\/dz\/wp-content\/uploads\/2024\/03\/9gal120_galaxite_s1p_1.png\",\"width\":500,\"height\":356},{\"@type\":\"BreadcrumbList\",\"@id\":\"https:\/\/taalba-dz.com\/dz\/product\/galaxite-s1p-2\/#breadcrumb\",\"itemListElement\":[{\"@type\":\"ListItem\",\"position\":1,\"name\":\"Accueil\",\"item\":\"https:\/\/taalba-dz.com\/dz\/\"},{\"@type\":\"ListItem\",\"position\":2,\"name\":\"Nos Produits\",\"item\":\"https:\/\/taalba-dz.com\/dz\/nos-produits\/\"},{\"@type\":\"ListItem\",\"position\":3,\"name\":\"Chaussures de s\u00e9curit\u00e9 GALAXITE Basse Maille Noire Bleue S1P ESD HRO &#8211; 9GAL120\"}]},{\"@type\":\"WebSite\",\"@id\":\"https:\/\/taalba-dz.com\/dz\/#website\",\"url\":\"https:\/\/taalba-dz.com\/dz\/\",\"name\":\"MPGI TAALBA\",\"description\":\"\",\"publisher\":{\"@id\":\"https:\/\/taalba-dz.com\/dz\/#organization\"},\"potentialAction\":[{\"@type\":\"SearchAction\",\"target\":{\"@type\":\"EntryPoint\",\"urlTemplate\":\"https:\/\/taalba-dz.com\/dz\/?s={search_term_string}\"},\"query-input\":{\"@type\":\"PropertyValueSpecification\",\"valueRequired\":true,\"valueName\":\"search_term_string\"}}],\"inLanguage\":\"fr-FR\"},{\"@type\":\"Organization\",\"@id\":\"https:\/\/taalba-dz.com\/dz\/#organization\",\"name\":\"MPGI TAALBA\",\"url\":\"https:\/\/taalba-dz.com\/dz\/\",\"logo\":{\"@type\":\"ImageObject\",\"inLanguage\":\"fr-FR\",\"@id\":\"https:\/\/taalba-dz.com\/dz\/#\/schema\/logo\/image\/\",\"url\":\"https:\/\/taalba-dz.com\/dz\/wp-content\/uploads\/2025\/02\/cropped-logo_taalba-removebg-preview.png\",\"contentUrl\":\"https:\/\/taalba-dz.com\/dz\/wp-content\/uploads\/2025\/02\/cropped-logo_taalba-removebg-preview.png\",\"width\":447,\"height\":554,\"caption\":\"MPGI TAALBA\"},\"image\":{\"@id\":\"https:\/\/taalba-dz.com\/dz\/#\/schema\/logo\/image\/\"},\"sameAs\":[\"https:\/\/www.facebook.com\/profile.php?id=100078120130692\"]}]}<\/script>\n<!-- \/ Yoast SEO plugin. -->","yoast_head_json":{"title":"Chaussures de s\u00e9curit\u00e9 GALAXITE Basse Maille Noire Bleue S1P ESD HRO - 9GAL120 - MPGI TAALBA","robots":{"index":"index","follow":"follow","max-snippet":"max-snippet:-1","max-image-preview":"max-image-preview:large","max-video-preview":"max-video-preview:-1"},"canonical":"https:\/\/taalba-dz.com\/dz\/product\/galaxite-s1p-2\/","og_locale":"fr_FR","og_type":"article","og_title":"Chaussures de s\u00e9curit\u00e9 GALAXITE Basse Maille Noire Bleue S1P ESD HRO - 9GAL120 - MPGI TAALBA","og_description":"COULEUR : Noir GAMME : Int\u00e9rieur et milieux secs AVANTAGES : Tr\u00e8s L\u00e9g\u00e8re (430 gr pour une taille 42) Flexibilit\u00e9 et amorti Respirabilit\u00e9 SECTEURS INDUSTRIELS : Bricolage, Industries l\u00e9g\u00e8res (textile; cuir; plasturgie; caoutchouc; meubles; luxe\u2026), Second-\u0153uvre du b\u00e2timent, Services et distribution, Transport (hors fabrication) et logistique SOUS-FAMILLE : Basse CAT\u00c9GORIE EPI : II T\u00e9l\u00e9charger La Fiche Technique","og_url":"https:\/\/taalba-dz.com\/dz\/product\/galaxite-s1p-2\/","og_site_name":"MPGI TAALBA","article_publisher":"https:\/\/www.facebook.com\/profile.php?id=100078120130692","og_image":[{"width":500,"height":356,"url":"https:\/\/taalba-dz.com\/dz\/wp-content\/uploads\/2024\/03\/9gal120_galaxite_s1p_1.png","type":"image\/png"}],"twitter_card":"summary_large_image","twitter_misc":{"Dur\u00e9e de lecture estim\u00e9e":"1 minute"},"schema":{"@context":"https:\/\/schema.org","@graph":[{"@type":"WebPage","@id":"https:\/\/taalba-dz.com\/dz\/product\/galaxite-s1p-2\/","url":"https:\/\/taalba-dz.com\/dz\/product\/galaxite-s1p-2\/","name":"Chaussures de s\u00e9curit\u00e9 GALAXITE Basse Maille Noire Bleue S1P ESD HRO - 9GAL120 - MPGI TAALBA","isPartOf":{"@id":"https:\/\/taalba-dz.com\/dz\/#website"},"primaryImageOfPage":{"@id":"https:\/\/taalba-dz.com\/dz\/product\/galaxite-s1p-2\/#primaryimage"},"image":{"@id":"https:\/\/taalba-dz.com\/dz\/product\/galaxite-s1p-2\/#primaryimage"},"thumbnailUrl":"https:\/\/taalba-dz.com\/dz\/wp-content\/uploads\/2024\/03\/9gal120_galaxite_s1p_1.png","datePublished":"2024-03-31T20:26:57+00:00","breadcrumb":{"@id":"https:\/\/taalba-dz.com\/dz\/product\/galaxite-s1p-2\/#breadcrumb"},"inLanguage":"fr-FR","potentialAction":[{"@type":"ReadAction","target":["https:\/\/taalba-dz.com\/dz\/product\/galaxite-s1p-2\/"]}]},{"@type":"ImageObject","inLanguage":"fr-FR","@id":"https:\/\/taalba-dz.com\/dz\/product\/galaxite-s1p-2\/#primaryimage","url":"https:\/\/taalba-dz.com\/dz\/wp-content\/uploads\/2024\/03\/9gal120_galaxite_s1p_1.png","contentUrl":"https:\/\/taalba-dz.com\/dz\/wp-content\/uploads\/2024\/03\/9gal120_galaxite_s1p_1.png","width":500,"height":356},{"@type":"BreadcrumbList","@id":"https:\/\/taalba-dz.com\/dz\/product\/galaxite-s1p-2\/#breadcrumb","itemListElement":[{"@type":"ListItem","position":1,"name":"Accueil","item":"https:\/\/taalba-dz.com\/dz\/"},{"@type":"ListItem","position":2,"name":"Nos Produits","item":"https:\/\/taalba-dz.com\/dz\/nos-produits\/"},{"@type":"ListItem","position":3,"name":"Chaussures de s\u00e9curit\u00e9 GALAXITE Basse Maille Noire Bleue S1P ESD HRO &#8211; 9GAL120"}]},{"@type":"WebSite","@id":"https:\/\/taalba-dz.com\/dz\/#website","url":"https:\/\/taalba-dz.com\/dz\/","name":"MPGI TAALBA","description":"","publisher":{"@id":"https:\/\/taalba-dz.com\/dz\/#organization"},"potentialAction":[{"@type":"SearchAction","target":{"@type":"EntryPoint","urlTemplate":"https:\/\/taalba-dz.com\/dz\/?s={search_term_string}"},"query-input":{"@type":"PropertyValueSpecification","valueRequired":true,"valueName":"search_term_string"}}],"inLanguage":"fr-FR"},{"@type":"Organization","@id":"https:\/\/taalba-dz.com\/dz\/#organization","name":"MPGI TAALBA","url":"https:\/\/taalba-dz.com\/dz\/","logo":{"@type":"ImageObject","inLanguage":"fr-FR","@id":"https:\/\/taalba-dz.com\/dz\/#\/schema\/logo\/image\/","url":"https:\/\/taalba-dz.com\/dz\/wp-content\/uploads\/2025\/02\/cropped-logo_taalba-removebg-preview.png","contentUrl":"https:\/\/taalba-dz.com\/dz\/wp-content\/uploads\/2025\/02\/cropped-logo_taalba-removebg-preview.png","width":447,"height":554,"caption":"MPGI TAALBA"},"image":{"@id":"https:\/\/taalba-dz.com\/dz\/#\/schema\/logo\/image\/"},"sameAs":["https:\/\/www.facebook.com\/profile.php?id=100078120130692"]}]}},"_links":{"self":[{"href":"https:\/\/taalba-dz.com\/dz\/wp-json\/wp\/v2\/product\/1369","targetHints":{"allow":["GET"]}}],"collection":[{"href":"https:\/\/taalba-dz.com\/dz\/wp-json\/wp\/v2\/product"}],"about":[{"href":"https:\/\/taalba-dz.com\/dz\/wp-json\/wp\/v2\/types\/product"}],"wp:featuredmedia":[{"embeddable":true,"href":"https:\/\/taalba-dz.com\/dz\/wp-json\/wp\/v2\/media\/1370"}],"wp:attachment":[{"href":"https:\/\/taalba-dz.com\/dz\/wp-json\/wp\/v2\/media?parent=1369"}],"wp:term":[{"taxonomy":"product_brand","embeddable":true,"href":"https:\/\/taalba-dz.com\/dz\/wp-json\/wp\/v2\/product_brand?post=1369"},{"taxonomy":"product_cat","embeddable":true,"href":"https:\/\/taalba-dz.com\/dz\/wp-json\/wp\/v2\/product_cat?post=1369"},{"taxonomy":"product_tag","embeddable":true,"href":"https:\/\/taalba-dz.com\/dz\/wp-json\/wp\/v2\/product_tag?post=1369"}],"curies":[{"name":"wp","href":"https:\/\/api.w.org\/{rel}","templated":true}]}}