{"id":1316,"date":"2024-03-27T19:55:30","date_gmt":"2024-03-27T19:55:30","guid":{"rendered":"https:\/\/taalba-dz.com\/?post_type=product&amp;p=1316"},"modified":"2024-03-27T19:55:30","modified_gmt":"2024-03-27T19:55:30","slug":"rocket","status":"publish","type":"product","link":"https:\/\/taalba-dz.com\/dz\/product\/rocket\/","title":{"rendered":"Chaussures de s\u00e9curit\u00e9 ROCKET Haute Cuir pleine fleur Noire S3 &#8211; 9ROCK10"},"content":{"rendered":"<p>ROCKET est la protection id\u00e9ale pour BTP. Cette chaussure b\u00e9n\u00e9ficie d&rsquo;une semelle PU\/Caoutchouc nitrile r\u00e9sistante \u00e0 l\u2019abrasion, aux huiles et aux hydrocarbures et dot\u00e9e de crampons saillants. Sa semelle de propret\u00e9 respirante (textile et EVA avec perforations) int\u00e8gre un insert gel pour soulager les points d&rsquo;appui sous le pied. Sa tige en cuir pleine fleur imperm\u00e9able dispose d&rsquo;un renfort anti-torsion de la cheville. Son embout et sa semelle anti-perforation en composite assurent une protection optimale.<\/p>\n","protected":false},"excerpt":{"rendered":"<p>COULEUR : Noir<\/p>\n<p>GAMME : Ext\u00e9rieur<\/p>\n<p>AVANTAGES : *Crampons saillants : adh\u00e9rence et accroche sur sols accident\u00e9s. *Canaux d&rsquo;\u00e9vacuation des liquides et de la boue. *Talon d\u00e9croch\u00e9 1 cm et ar\u00eates lat\u00e9rales : grip renforc\u00e9 pour maintien sur \u00e9chelle. *Membrane waterproof : imperm\u00e9abilit\u00e9. *Pi\u00e8ce de renfort *Semelle de propret\u00e9 EVA perfor\u00e9 avec insert silicone : confort et respirabilit\u00e9<\/p>\n<p>SECTEURS INDUSTRIELS : Energie (production et distribution), Exploitation mini\u00e8re, Industries extractives (p\u00e9trole; gas), Infrastructure; building industry<\/p>\n<p>SOUS-FAMILLE : Haute<\/p>\n<p>CAT\u00c9GORIE EPI : II<br \/>\n<a href=\"https:\/\/taalba-dz.com\/wp-content\/uploads\/2024\/10\/9ROCK10_fr.pdf\" target=\"_blank\" rel=\"noopener noreferrer\"><button>T\u00e9l\u00e9charger La Fiche Technique<\/button><\/a><\/p>\n","protected":false},"featured_media":1317,"template":"","meta":{"_kad_post_transparent":"","_kad_post_title":"","_kad_post_layout":"","_kad_post_sidebar_id":"","_kad_post_content_style":"","_kad_post_vertical_padding":"","_kad_post_feature":"","_kad_post_feature_position":"","_kad_post_header":false,"_kad_post_footer":false,"_kad_post_classname":""},"product_brand":[],"product_cat":[29,24],"product_tag":[],"class_list":{"0":"post-1316","1":"product","2":"type-product","3":"status-publish","4":"has-post-thumbnail","6":"product_cat-chaussures-exterieures","7":"product_cat-protection-des-pieds","9":"first","10":"instock","11":"shipping-taxable","12":"product-type-simple","13":"entry","14":"content-bg","15":"loop-entry"},"yoast_head":"<!-- This site is optimized with the Yoast SEO plugin v26.9 - https:\/\/yoast.com\/product\/yoast-seo-wordpress\/ -->\n<title>Chaussures de s\u00e9curit\u00e9 ROCKET Haute Cuir pleine fleur Noire S3 - 9ROCK10 - MPGI TAALBA<\/title>\n<meta name=\"robots\" content=\"index, follow, max-snippet:-1, max-image-preview:large, max-video-preview:-1\" \/>\n<link rel=\"canonical\" href=\"https:\/\/taalba-dz.com\/dz\/product\/rocket\/\" \/>\n<meta property=\"og:locale\" content=\"fr_FR\" \/>\n<meta property=\"og:type\" content=\"article\" \/>\n<meta property=\"og:title\" content=\"Chaussures de s\u00e9curit\u00e9 ROCKET Haute Cuir pleine fleur Noire S3 - 9ROCK10 - MPGI TAALBA\" \/>\n<meta property=\"og:description\" content=\"COULEUR : Noir GAMME : Ext\u00e9rieur AVANTAGES : *Crampons saillants : adh\u00e9rence et accroche sur sols accident\u00e9s. *Canaux d&#039;\u00e9vacuation des liquides et de la boue. *Talon d\u00e9croch\u00e9 1 cm et ar\u00eates lat\u00e9rales : grip renforc\u00e9 pour maintien sur \u00e9chelle. *Membrane waterproof : imperm\u00e9abilit\u00e9. *Pi\u00e8ce de renfort *Semelle de propret\u00e9 EVA perfor\u00e9 avec insert silicone : confort et respirabilit\u00e9 SECTEURS INDUSTRIELS : Energie (production et distribution), Exploitation mini\u00e8re, Industries extractives (p\u00e9trole; gas), Infrastructure; building industry SOUS-FAMILLE : Haute CAT\u00c9GORIE EPI : II T\u00e9l\u00e9charger La Fiche Technique\" \/>\n<meta property=\"og:url\" content=\"https:\/\/taalba-dz.com\/dz\/product\/rocket\/\" \/>\n<meta property=\"og:site_name\" content=\"MPGI TAALBA\" \/>\n<meta property=\"article:publisher\" content=\"https:\/\/www.facebook.com\/profile.php?id=100078120130692\" \/>\n<meta property=\"og:image\" content=\"https:\/\/taalba-dz.com\/dz\/wp-content\/uploads\/2024\/03\/9rock10_rocket_1.png\" \/>\n\t<meta property=\"og:image:width\" content=\"500\" \/>\n\t<meta property=\"og:image:height\" content=\"402\" \/>\n\t<meta property=\"og:image:type\" content=\"image\/png\" \/>\n<meta name=\"twitter:card\" content=\"summary_large_image\" \/>\n<meta name=\"twitter:label1\" content=\"Dur\u00e9e de lecture estim\u00e9e\" \/>\n\t<meta name=\"twitter:data1\" content=\"1 minute\" \/>\n<script type=\"application\/ld+json\" class=\"yoast-schema-graph\">{\"@context\":\"https:\/\/schema.org\",\"@graph\":[{\"@type\":\"WebPage\",\"@id\":\"https:\/\/taalba-dz.com\/dz\/product\/rocket\/\",\"url\":\"https:\/\/taalba-dz.com\/dz\/product\/rocket\/\",\"name\":\"Chaussures de s\u00e9curit\u00e9 ROCKET Haute Cuir pleine fleur Noire S3 - 9ROCK10 - MPGI TAALBA\",\"isPartOf\":{\"@id\":\"https:\/\/taalba-dz.com\/dz\/#website\"},\"primaryImageOfPage\":{\"@id\":\"https:\/\/taalba-dz.com\/dz\/product\/rocket\/#primaryimage\"},\"image\":{\"@id\":\"https:\/\/taalba-dz.com\/dz\/product\/rocket\/#primaryimage\"},\"thumbnailUrl\":\"https:\/\/taalba-dz.com\/dz\/wp-content\/uploads\/2024\/03\/9rock10_rocket_1.png\",\"datePublished\":\"2024-03-27T19:55:30+00:00\",\"breadcrumb\":{\"@id\":\"https:\/\/taalba-dz.com\/dz\/product\/rocket\/#breadcrumb\"},\"inLanguage\":\"fr-FR\",\"potentialAction\":[{\"@type\":\"ReadAction\",\"target\":[\"https:\/\/taalba-dz.com\/dz\/product\/rocket\/\"]}]},{\"@type\":\"ImageObject\",\"inLanguage\":\"fr-FR\",\"@id\":\"https:\/\/taalba-dz.com\/dz\/product\/rocket\/#primaryimage\",\"url\":\"https:\/\/taalba-dz.com\/dz\/wp-content\/uploads\/2024\/03\/9rock10_rocket_1.png\",\"contentUrl\":\"https:\/\/taalba-dz.com\/dz\/wp-content\/uploads\/2024\/03\/9rock10_rocket_1.png\",\"width\":500,\"height\":402},{\"@type\":\"BreadcrumbList\",\"@id\":\"https:\/\/taalba-dz.com\/dz\/product\/rocket\/#breadcrumb\",\"itemListElement\":[{\"@type\":\"ListItem\",\"position\":1,\"name\":\"Accueil\",\"item\":\"https:\/\/taalba-dz.com\/dz\/\"},{\"@type\":\"ListItem\",\"position\":2,\"name\":\"Nos Produits\",\"item\":\"https:\/\/taalba-dz.com\/dz\/nos-produits\/\"},{\"@type\":\"ListItem\",\"position\":3,\"name\":\"Chaussures de s\u00e9curit\u00e9 ROCKET Haute Cuir pleine fleur Noire S3 &#8211; 9ROCK10\"}]},{\"@type\":\"WebSite\",\"@id\":\"https:\/\/taalba-dz.com\/dz\/#website\",\"url\":\"https:\/\/taalba-dz.com\/dz\/\",\"name\":\"MPGI TAALBA\",\"description\":\"\",\"publisher\":{\"@id\":\"https:\/\/taalba-dz.com\/dz\/#organization\"},\"potentialAction\":[{\"@type\":\"SearchAction\",\"target\":{\"@type\":\"EntryPoint\",\"urlTemplate\":\"https:\/\/taalba-dz.com\/dz\/?s={search_term_string}\"},\"query-input\":{\"@type\":\"PropertyValueSpecification\",\"valueRequired\":true,\"valueName\":\"search_term_string\"}}],\"inLanguage\":\"fr-FR\"},{\"@type\":\"Organization\",\"@id\":\"https:\/\/taalba-dz.com\/dz\/#organization\",\"name\":\"MPGI TAALBA\",\"url\":\"https:\/\/taalba-dz.com\/dz\/\",\"logo\":{\"@type\":\"ImageObject\",\"inLanguage\":\"fr-FR\",\"@id\":\"https:\/\/taalba-dz.com\/dz\/#\/schema\/logo\/image\/\",\"url\":\"https:\/\/taalba-dz.com\/dz\/wp-content\/uploads\/2025\/02\/cropped-logo_taalba-removebg-preview.png\",\"contentUrl\":\"https:\/\/taalba-dz.com\/dz\/wp-content\/uploads\/2025\/02\/cropped-logo_taalba-removebg-preview.png\",\"width\":447,\"height\":554,\"caption\":\"MPGI TAALBA\"},\"image\":{\"@id\":\"https:\/\/taalba-dz.com\/dz\/#\/schema\/logo\/image\/\"},\"sameAs\":[\"https:\/\/www.facebook.com\/profile.php?id=100078120130692\"]}]}<\/script>\n<!-- \/ Yoast SEO plugin. -->","yoast_head_json":{"title":"Chaussures de s\u00e9curit\u00e9 ROCKET Haute Cuir pleine fleur Noire S3 - 9ROCK10 - MPGI TAALBA","robots":{"index":"index","follow":"follow","max-snippet":"max-snippet:-1","max-image-preview":"max-image-preview:large","max-video-preview":"max-video-preview:-1"},"canonical":"https:\/\/taalba-dz.com\/dz\/product\/rocket\/","og_locale":"fr_FR","og_type":"article","og_title":"Chaussures de s\u00e9curit\u00e9 ROCKET Haute Cuir pleine fleur Noire S3 - 9ROCK10 - MPGI TAALBA","og_description":"COULEUR : Noir GAMME : Ext\u00e9rieur AVANTAGES : *Crampons saillants : adh\u00e9rence et accroche sur sols accident\u00e9s. *Canaux d'\u00e9vacuation des liquides et de la boue. *Talon d\u00e9croch\u00e9 1 cm et ar\u00eates lat\u00e9rales : grip renforc\u00e9 pour maintien sur \u00e9chelle. *Membrane waterproof : imperm\u00e9abilit\u00e9. *Pi\u00e8ce de renfort *Semelle de propret\u00e9 EVA perfor\u00e9 avec insert silicone : confort et respirabilit\u00e9 SECTEURS INDUSTRIELS : Energie (production et distribution), Exploitation mini\u00e8re, Industries extractives (p\u00e9trole; gas), Infrastructure; building industry SOUS-FAMILLE : Haute CAT\u00c9GORIE EPI : II T\u00e9l\u00e9charger La Fiche Technique","og_url":"https:\/\/taalba-dz.com\/dz\/product\/rocket\/","og_site_name":"MPGI TAALBA","article_publisher":"https:\/\/www.facebook.com\/profile.php?id=100078120130692","og_image":[{"width":500,"height":402,"url":"https:\/\/taalba-dz.com\/dz\/wp-content\/uploads\/2024\/03\/9rock10_rocket_1.png","type":"image\/png"}],"twitter_card":"summary_large_image","twitter_misc":{"Dur\u00e9e de lecture estim\u00e9e":"1 minute"},"schema":{"@context":"https:\/\/schema.org","@graph":[{"@type":"WebPage","@id":"https:\/\/taalba-dz.com\/dz\/product\/rocket\/","url":"https:\/\/taalba-dz.com\/dz\/product\/rocket\/","name":"Chaussures de s\u00e9curit\u00e9 ROCKET Haute Cuir pleine fleur Noire S3 - 9ROCK10 - MPGI TAALBA","isPartOf":{"@id":"https:\/\/taalba-dz.com\/dz\/#website"},"primaryImageOfPage":{"@id":"https:\/\/taalba-dz.com\/dz\/product\/rocket\/#primaryimage"},"image":{"@id":"https:\/\/taalba-dz.com\/dz\/product\/rocket\/#primaryimage"},"thumbnailUrl":"https:\/\/taalba-dz.com\/dz\/wp-content\/uploads\/2024\/03\/9rock10_rocket_1.png","datePublished":"2024-03-27T19:55:30+00:00","breadcrumb":{"@id":"https:\/\/taalba-dz.com\/dz\/product\/rocket\/#breadcrumb"},"inLanguage":"fr-FR","potentialAction":[{"@type":"ReadAction","target":["https:\/\/taalba-dz.com\/dz\/product\/rocket\/"]}]},{"@type":"ImageObject","inLanguage":"fr-FR","@id":"https:\/\/taalba-dz.com\/dz\/product\/rocket\/#primaryimage","url":"https:\/\/taalba-dz.com\/dz\/wp-content\/uploads\/2024\/03\/9rock10_rocket_1.png","contentUrl":"https:\/\/taalba-dz.com\/dz\/wp-content\/uploads\/2024\/03\/9rock10_rocket_1.png","width":500,"height":402},{"@type":"BreadcrumbList","@id":"https:\/\/taalba-dz.com\/dz\/product\/rocket\/#breadcrumb","itemListElement":[{"@type":"ListItem","position":1,"name":"Accueil","item":"https:\/\/taalba-dz.com\/dz\/"},{"@type":"ListItem","position":2,"name":"Nos Produits","item":"https:\/\/taalba-dz.com\/dz\/nos-produits\/"},{"@type":"ListItem","position":3,"name":"Chaussures de s\u00e9curit\u00e9 ROCKET Haute Cuir pleine fleur Noire S3 &#8211; 9ROCK10"}]},{"@type":"WebSite","@id":"https:\/\/taalba-dz.com\/dz\/#website","url":"https:\/\/taalba-dz.com\/dz\/","name":"MPGI TAALBA","description":"","publisher":{"@id":"https:\/\/taalba-dz.com\/dz\/#organization"},"potentialAction":[{"@type":"SearchAction","target":{"@type":"EntryPoint","urlTemplate":"https:\/\/taalba-dz.com\/dz\/?s={search_term_string}"},"query-input":{"@type":"PropertyValueSpecification","valueRequired":true,"valueName":"search_term_string"}}],"inLanguage":"fr-FR"},{"@type":"Organization","@id":"https:\/\/taalba-dz.com\/dz\/#organization","name":"MPGI TAALBA","url":"https:\/\/taalba-dz.com\/dz\/","logo":{"@type":"ImageObject","inLanguage":"fr-FR","@id":"https:\/\/taalba-dz.com\/dz\/#\/schema\/logo\/image\/","url":"https:\/\/taalba-dz.com\/dz\/wp-content\/uploads\/2025\/02\/cropped-logo_taalba-removebg-preview.png","contentUrl":"https:\/\/taalba-dz.com\/dz\/wp-content\/uploads\/2025\/02\/cropped-logo_taalba-removebg-preview.png","width":447,"height":554,"caption":"MPGI TAALBA"},"image":{"@id":"https:\/\/taalba-dz.com\/dz\/#\/schema\/logo\/image\/"},"sameAs":["https:\/\/www.facebook.com\/profile.php?id=100078120130692"]}]}},"_links":{"self":[{"href":"https:\/\/taalba-dz.com\/dz\/wp-json\/wp\/v2\/product\/1316","targetHints":{"allow":["GET"]}}],"collection":[{"href":"https:\/\/taalba-dz.com\/dz\/wp-json\/wp\/v2\/product"}],"about":[{"href":"https:\/\/taalba-dz.com\/dz\/wp-json\/wp\/v2\/types\/product"}],"wp:featuredmedia":[{"embeddable":true,"href":"https:\/\/taalba-dz.com\/dz\/wp-json\/wp\/v2\/media\/1317"}],"wp:attachment":[{"href":"https:\/\/taalba-dz.com\/dz\/wp-json\/wp\/v2\/media?parent=1316"}],"wp:term":[{"taxonomy":"product_brand","embeddable":true,"href":"https:\/\/taalba-dz.com\/dz\/wp-json\/wp\/v2\/product_brand?post=1316"},{"taxonomy":"product_cat","embeddable":true,"href":"https:\/\/taalba-dz.com\/dz\/wp-json\/wp\/v2\/product_cat?post=1316"},{"taxonomy":"product_tag","embeddable":true,"href":"https:\/\/taalba-dz.com\/dz\/wp-json\/wp\/v2\/product_tag?post=1316"}],"curies":[{"name":"wp","href":"https:\/\/api.w.org\/{rel}","templated":true}]}}