{"id":1296,"date":"2024-03-27T19:48:22","date_gmt":"2024-03-27T19:48:22","guid":{"rendered":"https:\/\/taalba-dz.com\/?post_type=product&amp;p=1296"},"modified":"2024-03-27T19:48:22","modified_gmt":"2024-03-27T19:48:22","slug":"opal","status":"publish","type":"product","link":"https:\/\/taalba-dz.com\/dz\/product\/opal\/","title":{"rendered":"Chaussures de s\u00e9curit\u00e9 OPAL Basse Cuir Marron\/Orange S3 &#8211; 9OPAL"},"content":{"rendered":"<p>L\u2019OPAL est une chaussure de s\u00e9curit\u00e9 basse en cuir gras pleine fleur doubl\u00e9e d\u2019un filet respirant. Des renforts \u00e0 l\u2019avant et \u00e0 l\u2019arri\u00e8re assurent une protection optimale du pied. Sa semelle antid\u00e9rapante a une forte r\u00e9sistance aux glissements sur les sols acier et c\u00e9ramique et assure la stabilit\u00e9 du porteur. Cette chaussure de s\u00e9curit\u00e9 sans m\u00e9tal est \u00e9quip\u00e9e d\u2019une semelle anti-perforation en textile favorisant la l\u00e9g\u00e8ret\u00e9 et la souplesse du mod\u00e8le. Elle poss\u00e8de \u00e9galement un embout de protection en composite perfor\u00e9 pour une respirabilit\u00e9 accrue.<\/p>\n","protected":false},"excerpt":{"rendered":"<p>COULEUR : Noir<\/p>\n<p>GAMME : Ext\u00e9rieur<\/p>\n<p>AVANTAGES : * Renfort anti-torsion de la voute plantaire. * Protection anti-abrasion sur le talon. * Talon d\u00e9croch\u00e9 pour une meilleure stabilit\u00e9 sur les \u00e9chelles.<\/p>\n<p>SECTEURS INDUSTRIELS : Energie (production et distribution), Exploitation mini\u00e8re, Industries extractives (p\u00e9trole; gas), Infrastructure; building industry<\/p>\n<p>SOUS-FAMILLE : Basse<\/p>\n<p>CAT\u00c9GORIE EPI : II<br \/>\n<a href=\"https:\/\/taalba-dz.com\/wp-content\/uploads\/2024\/10\/9OPAL_fr.pdf\" target=\"_blank\" rel=\"noopener noreferrer\"><button>T\u00e9l\u00e9charger La Fiche Technique<\/button><\/a><\/p>\n","protected":false},"featured_media":1297,"template":"","meta":{"_kad_post_transparent":"","_kad_post_title":"","_kad_post_layout":"","_kad_post_sidebar_id":"","_kad_post_content_style":"","_kad_post_vertical_padding":"","_kad_post_feature":"","_kad_post_feature_position":"","_kad_post_header":false,"_kad_post_footer":false,"_kad_post_classname":""},"product_brand":[],"product_cat":[29,24],"product_tag":[],"class_list":{"0":"post-1296","1":"product","2":"type-product","3":"status-publish","4":"has-post-thumbnail","6":"product_cat-chaussures-exterieures","7":"product_cat-protection-des-pieds","9":"first","10":"instock","11":"shipping-taxable","12":"product-type-simple","13":"entry","14":"content-bg","15":"loop-entry"},"yoast_head":"<!-- This site is optimized with the Yoast SEO plugin v26.9 - https:\/\/yoast.com\/product\/yoast-seo-wordpress\/ -->\n<title>Chaussures de s\u00e9curit\u00e9 OPAL Basse Cuir Marron\/Orange S3 - 9OPAL - MPGI TAALBA<\/title>\n<meta name=\"robots\" content=\"index, follow, max-snippet:-1, max-image-preview:large, max-video-preview:-1\" \/>\n<link rel=\"canonical\" href=\"https:\/\/taalba-dz.com\/dz\/product\/opal\/\" \/>\n<meta property=\"og:locale\" content=\"fr_FR\" \/>\n<meta property=\"og:type\" content=\"article\" \/>\n<meta property=\"og:title\" content=\"Chaussures de s\u00e9curit\u00e9 OPAL Basse Cuir Marron\/Orange S3 - 9OPAL - MPGI TAALBA\" \/>\n<meta property=\"og:description\" content=\"COULEUR : Noir GAMME : Ext\u00e9rieur AVANTAGES : * Renfort anti-torsion de la voute plantaire. * Protection anti-abrasion sur le talon. * Talon d\u00e9croch\u00e9 pour une meilleure stabilit\u00e9 sur les \u00e9chelles. SECTEURS INDUSTRIELS : Energie (production et distribution), Exploitation mini\u00e8re, Industries extractives (p\u00e9trole; gas), Infrastructure; building industry SOUS-FAMILLE : Basse CAT\u00c9GORIE EPI : II T\u00e9l\u00e9charger La Fiche Technique\" \/>\n<meta property=\"og:url\" content=\"https:\/\/taalba-dz.com\/dz\/product\/opal\/\" \/>\n<meta property=\"og:site_name\" content=\"MPGI TAALBA\" \/>\n<meta property=\"article:publisher\" content=\"https:\/\/www.facebook.com\/profile.php?id=100078120130692\" \/>\n<meta property=\"og:image\" content=\"https:\/\/taalba-dz.com\/dz\/wp-content\/uploads\/2024\/03\/9opal_opal_1.png\" \/>\n\t<meta property=\"og:image:width\" content=\"500\" \/>\n\t<meta property=\"og:image:height\" content=\"312\" \/>\n\t<meta property=\"og:image:type\" content=\"image\/png\" \/>\n<meta name=\"twitter:card\" content=\"summary_large_image\" \/>\n<meta name=\"twitter:label1\" content=\"Dur\u00e9e de lecture estim\u00e9e\" \/>\n\t<meta name=\"twitter:data1\" content=\"1 minute\" \/>\n<script type=\"application\/ld+json\" class=\"yoast-schema-graph\">{\"@context\":\"https:\/\/schema.org\",\"@graph\":[{\"@type\":\"WebPage\",\"@id\":\"https:\/\/taalba-dz.com\/dz\/product\/opal\/\",\"url\":\"https:\/\/taalba-dz.com\/dz\/product\/opal\/\",\"name\":\"Chaussures de s\u00e9curit\u00e9 OPAL Basse Cuir Marron\/Orange S3 - 9OPAL - MPGI TAALBA\",\"isPartOf\":{\"@id\":\"https:\/\/taalba-dz.com\/dz\/#website\"},\"primaryImageOfPage\":{\"@id\":\"https:\/\/taalba-dz.com\/dz\/product\/opal\/#primaryimage\"},\"image\":{\"@id\":\"https:\/\/taalba-dz.com\/dz\/product\/opal\/#primaryimage\"},\"thumbnailUrl\":\"https:\/\/taalba-dz.com\/dz\/wp-content\/uploads\/2024\/03\/9opal_opal_1.png\",\"datePublished\":\"2024-03-27T19:48:22+00:00\",\"breadcrumb\":{\"@id\":\"https:\/\/taalba-dz.com\/dz\/product\/opal\/#breadcrumb\"},\"inLanguage\":\"fr-FR\",\"potentialAction\":[{\"@type\":\"ReadAction\",\"target\":[\"https:\/\/taalba-dz.com\/dz\/product\/opal\/\"]}]},{\"@type\":\"ImageObject\",\"inLanguage\":\"fr-FR\",\"@id\":\"https:\/\/taalba-dz.com\/dz\/product\/opal\/#primaryimage\",\"url\":\"https:\/\/taalba-dz.com\/dz\/wp-content\/uploads\/2024\/03\/9opal_opal_1.png\",\"contentUrl\":\"https:\/\/taalba-dz.com\/dz\/wp-content\/uploads\/2024\/03\/9opal_opal_1.png\",\"width\":500,\"height\":312},{\"@type\":\"BreadcrumbList\",\"@id\":\"https:\/\/taalba-dz.com\/dz\/product\/opal\/#breadcrumb\",\"itemListElement\":[{\"@type\":\"ListItem\",\"position\":1,\"name\":\"Accueil\",\"item\":\"https:\/\/taalba-dz.com\/dz\/\"},{\"@type\":\"ListItem\",\"position\":2,\"name\":\"Nos Produits\",\"item\":\"https:\/\/taalba-dz.com\/dz\/nos-produits\/\"},{\"@type\":\"ListItem\",\"position\":3,\"name\":\"Chaussures de s\u00e9curit\u00e9 OPAL Basse Cuir Marron\/Orange S3 &#8211; 9OPAL\"}]},{\"@type\":\"WebSite\",\"@id\":\"https:\/\/taalba-dz.com\/dz\/#website\",\"url\":\"https:\/\/taalba-dz.com\/dz\/\",\"name\":\"MPGI TAALBA\",\"description\":\"\",\"publisher\":{\"@id\":\"https:\/\/taalba-dz.com\/dz\/#organization\"},\"potentialAction\":[{\"@type\":\"SearchAction\",\"target\":{\"@type\":\"EntryPoint\",\"urlTemplate\":\"https:\/\/taalba-dz.com\/dz\/?s={search_term_string}\"},\"query-input\":{\"@type\":\"PropertyValueSpecification\",\"valueRequired\":true,\"valueName\":\"search_term_string\"}}],\"inLanguage\":\"fr-FR\"},{\"@type\":\"Organization\",\"@id\":\"https:\/\/taalba-dz.com\/dz\/#organization\",\"name\":\"MPGI TAALBA\",\"url\":\"https:\/\/taalba-dz.com\/dz\/\",\"logo\":{\"@type\":\"ImageObject\",\"inLanguage\":\"fr-FR\",\"@id\":\"https:\/\/taalba-dz.com\/dz\/#\/schema\/logo\/image\/\",\"url\":\"https:\/\/taalba-dz.com\/dz\/wp-content\/uploads\/2025\/02\/cropped-logo_taalba-removebg-preview.png\",\"contentUrl\":\"https:\/\/taalba-dz.com\/dz\/wp-content\/uploads\/2025\/02\/cropped-logo_taalba-removebg-preview.png\",\"width\":447,\"height\":554,\"caption\":\"MPGI TAALBA\"},\"image\":{\"@id\":\"https:\/\/taalba-dz.com\/dz\/#\/schema\/logo\/image\/\"},\"sameAs\":[\"https:\/\/www.facebook.com\/profile.php?id=100078120130692\"]}]}<\/script>\n<!-- \/ Yoast SEO plugin. -->","yoast_head_json":{"title":"Chaussures de s\u00e9curit\u00e9 OPAL Basse Cuir Marron\/Orange S3 - 9OPAL - MPGI TAALBA","robots":{"index":"index","follow":"follow","max-snippet":"max-snippet:-1","max-image-preview":"max-image-preview:large","max-video-preview":"max-video-preview:-1"},"canonical":"https:\/\/taalba-dz.com\/dz\/product\/opal\/","og_locale":"fr_FR","og_type":"article","og_title":"Chaussures de s\u00e9curit\u00e9 OPAL Basse Cuir Marron\/Orange S3 - 9OPAL - MPGI TAALBA","og_description":"COULEUR : Noir GAMME : Ext\u00e9rieur AVANTAGES : * Renfort anti-torsion de la voute plantaire. * Protection anti-abrasion sur le talon. * Talon d\u00e9croch\u00e9 pour une meilleure stabilit\u00e9 sur les \u00e9chelles. SECTEURS INDUSTRIELS : Energie (production et distribution), Exploitation mini\u00e8re, Industries extractives (p\u00e9trole; gas), Infrastructure; building industry SOUS-FAMILLE : Basse CAT\u00c9GORIE EPI : II T\u00e9l\u00e9charger La Fiche Technique","og_url":"https:\/\/taalba-dz.com\/dz\/product\/opal\/","og_site_name":"MPGI TAALBA","article_publisher":"https:\/\/www.facebook.com\/profile.php?id=100078120130692","og_image":[{"width":500,"height":312,"url":"https:\/\/taalba-dz.com\/dz\/wp-content\/uploads\/2024\/03\/9opal_opal_1.png","type":"image\/png"}],"twitter_card":"summary_large_image","twitter_misc":{"Dur\u00e9e de lecture estim\u00e9e":"1 minute"},"schema":{"@context":"https:\/\/schema.org","@graph":[{"@type":"WebPage","@id":"https:\/\/taalba-dz.com\/dz\/product\/opal\/","url":"https:\/\/taalba-dz.com\/dz\/product\/opal\/","name":"Chaussures de s\u00e9curit\u00e9 OPAL Basse Cuir Marron\/Orange S3 - 9OPAL - MPGI TAALBA","isPartOf":{"@id":"https:\/\/taalba-dz.com\/dz\/#website"},"primaryImageOfPage":{"@id":"https:\/\/taalba-dz.com\/dz\/product\/opal\/#primaryimage"},"image":{"@id":"https:\/\/taalba-dz.com\/dz\/product\/opal\/#primaryimage"},"thumbnailUrl":"https:\/\/taalba-dz.com\/dz\/wp-content\/uploads\/2024\/03\/9opal_opal_1.png","datePublished":"2024-03-27T19:48:22+00:00","breadcrumb":{"@id":"https:\/\/taalba-dz.com\/dz\/product\/opal\/#breadcrumb"},"inLanguage":"fr-FR","potentialAction":[{"@type":"ReadAction","target":["https:\/\/taalba-dz.com\/dz\/product\/opal\/"]}]},{"@type":"ImageObject","inLanguage":"fr-FR","@id":"https:\/\/taalba-dz.com\/dz\/product\/opal\/#primaryimage","url":"https:\/\/taalba-dz.com\/dz\/wp-content\/uploads\/2024\/03\/9opal_opal_1.png","contentUrl":"https:\/\/taalba-dz.com\/dz\/wp-content\/uploads\/2024\/03\/9opal_opal_1.png","width":500,"height":312},{"@type":"BreadcrumbList","@id":"https:\/\/taalba-dz.com\/dz\/product\/opal\/#breadcrumb","itemListElement":[{"@type":"ListItem","position":1,"name":"Accueil","item":"https:\/\/taalba-dz.com\/dz\/"},{"@type":"ListItem","position":2,"name":"Nos Produits","item":"https:\/\/taalba-dz.com\/dz\/nos-produits\/"},{"@type":"ListItem","position":3,"name":"Chaussures de s\u00e9curit\u00e9 OPAL Basse Cuir Marron\/Orange S3 &#8211; 9OPAL"}]},{"@type":"WebSite","@id":"https:\/\/taalba-dz.com\/dz\/#website","url":"https:\/\/taalba-dz.com\/dz\/","name":"MPGI TAALBA","description":"","publisher":{"@id":"https:\/\/taalba-dz.com\/dz\/#organization"},"potentialAction":[{"@type":"SearchAction","target":{"@type":"EntryPoint","urlTemplate":"https:\/\/taalba-dz.com\/dz\/?s={search_term_string}"},"query-input":{"@type":"PropertyValueSpecification","valueRequired":true,"valueName":"search_term_string"}}],"inLanguage":"fr-FR"},{"@type":"Organization","@id":"https:\/\/taalba-dz.com\/dz\/#organization","name":"MPGI TAALBA","url":"https:\/\/taalba-dz.com\/dz\/","logo":{"@type":"ImageObject","inLanguage":"fr-FR","@id":"https:\/\/taalba-dz.com\/dz\/#\/schema\/logo\/image\/","url":"https:\/\/taalba-dz.com\/dz\/wp-content\/uploads\/2025\/02\/cropped-logo_taalba-removebg-preview.png","contentUrl":"https:\/\/taalba-dz.com\/dz\/wp-content\/uploads\/2025\/02\/cropped-logo_taalba-removebg-preview.png","width":447,"height":554,"caption":"MPGI TAALBA"},"image":{"@id":"https:\/\/taalba-dz.com\/dz\/#\/schema\/logo\/image\/"},"sameAs":["https:\/\/www.facebook.com\/profile.php?id=100078120130692"]}]}},"_links":{"self":[{"href":"https:\/\/taalba-dz.com\/dz\/wp-json\/wp\/v2\/product\/1296","targetHints":{"allow":["GET"]}}],"collection":[{"href":"https:\/\/taalba-dz.com\/dz\/wp-json\/wp\/v2\/product"}],"about":[{"href":"https:\/\/taalba-dz.com\/dz\/wp-json\/wp\/v2\/types\/product"}],"wp:featuredmedia":[{"embeddable":true,"href":"https:\/\/taalba-dz.com\/dz\/wp-json\/wp\/v2\/media\/1297"}],"wp:attachment":[{"href":"https:\/\/taalba-dz.com\/dz\/wp-json\/wp\/v2\/media?parent=1296"}],"wp:term":[{"taxonomy":"product_brand","embeddable":true,"href":"https:\/\/taalba-dz.com\/dz\/wp-json\/wp\/v2\/product_brand?post=1296"},{"taxonomy":"product_cat","embeddable":true,"href":"https:\/\/taalba-dz.com\/dz\/wp-json\/wp\/v2\/product_cat?post=1296"},{"taxonomy":"product_tag","embeddable":true,"href":"https:\/\/taalba-dz.com\/dz\/wp-json\/wp\/v2\/product_tag?post=1296"}],"curies":[{"name":"wp","href":"https:\/\/api.w.org\/{rel}","templated":true}]}}