{"id":1266,"date":"2024-03-27T12:50:25","date_gmt":"2024-03-27T12:50:25","guid":{"rendered":"https:\/\/taalba-dz.com\/?post_type=product&amp;p=1266"},"modified":"2024-03-27T12:50:25","modified_gmt":"2024-03-27T12:50:25","slug":"hazguard-full-safety","status":"publish","type":"product","link":"https:\/\/taalba-dz.com\/dz\/product\/hazguard-full-safety\/","title":{"rendered":"Bottes s\u00e9curit\u00e9 HAZGUARD Full Safety &#8211; 9HAZG80"},"content":{"rendered":"<p>Compos\u00e9 PVC renforc\u00e9 de nitrile et polym\u00e8re pour une protection professionnelle contre les produits chimiques. Semelle ext\u00e9rieure SRA++ autonettoyante et antid\u00e9rapante. Embout et semelle acier. Isolation thermique : 0\u00b0C. R\u00e9sistance certifi\u00e9e contre les substances chimiques EN13832-3:2006 J K O P Q R.<\/p>\n","protected":false},"excerpt":{"rendered":"<p>COULEUR : Vert<\/p>\n<p>GAMME : Bottes synth\u00e9tiques<\/p>\n<p>AVANTAGES : * Compos\u00e9 PVC renforc\u00e9 de nitrile et polym\u00e8re pour une protection professionnelle contre les produits chimiques (EN13832- 3:2006). *Protection renforc\u00e9e de la cheville. *Excellente adh\u00e9rence. *Absorption d&rsquo;\u00e9nergie dans la zone du talon.<\/p>\n<p>SECTEURS INDUSTRIELS : Collectivit\u00e9s (maintenance; entretien d\u2019espaces verts; collecte des d\u00e9chets\u2026), Industries extractives (p\u00e9trole; gas), Industries l\u00e9g\u00e8res (textile; cuir; plasturgie; caoutchouc; meubles; luxe\u2026), Industries lourdes et de process, Transport (hors fabrication) et logistique<\/p>\n<p>SOUS-FAMILLE : PVC<\/p>\n<p>CAT\u00c9GORIE EPI : II<br \/>\n<a href=\"https:\/\/taalba-dz.com\/wp-content\/uploads\/2024\/11\/9HAZG80_fr.pdf\" target=\"_blank\" rel=\"noopener noreferrer\"><button>T\u00e9l\u00e9charger La Fiche Technique<\/button><\/a><\/p>\n","protected":false},"featured_media":0,"template":"","meta":{"_kad_post_transparent":"","_kad_post_title":"","_kad_post_layout":"","_kad_post_sidebar_id":"","_kad_post_content_style":"","_kad_post_vertical_padding":"","_kad_post_feature":"","_kad_post_feature_position":"","_kad_post_header":false,"_kad_post_footer":false,"_kad_post_classname":""},"product_brand":[],"product_cat":[25,24],"product_tag":[],"class_list":{"0":"post-1266","1":"product","2":"type-product","3":"status-publish","5":"product_cat-bottes-synthetiques","6":"product_cat-protection-des-pieds","8":"first","9":"instock","10":"shipping-taxable","11":"product-type-simple","12":"entry","13":"content-bg","14":"loop-entry"},"yoast_head":"<!-- This site is optimized with the Yoast SEO plugin v26.9 - https:\/\/yoast.com\/product\/yoast-seo-wordpress\/ -->\n<title>Bottes s\u00e9curit\u00e9 HAZGUARD Full Safety - 9HAZG80 - MPGI TAALBA<\/title>\n<meta name=\"robots\" content=\"index, follow, max-snippet:-1, max-image-preview:large, max-video-preview:-1\" \/>\n<link rel=\"canonical\" href=\"https:\/\/taalba-dz.com\/dz\/product\/hazguard-full-safety\/\" \/>\n<meta property=\"og:locale\" content=\"fr_FR\" \/>\n<meta property=\"og:type\" content=\"article\" \/>\n<meta property=\"og:title\" content=\"Bottes s\u00e9curit\u00e9 HAZGUARD Full Safety - 9HAZG80 - MPGI TAALBA\" \/>\n<meta property=\"og:description\" content=\"COULEUR : Vert GAMME : Bottes synth\u00e9tiques AVANTAGES : * Compos\u00e9 PVC renforc\u00e9 de nitrile et polym\u00e8re pour une protection professionnelle contre les produits chimiques (EN13832- 3:2006). *Protection renforc\u00e9e de la cheville. *Excellente adh\u00e9rence. *Absorption d&#039;\u00e9nergie dans la zone du talon. SECTEURS INDUSTRIELS : Collectivit\u00e9s (maintenance; entretien d\u2019espaces verts; collecte des d\u00e9chets\u2026), Industries extractives (p\u00e9trole; gas), Industries l\u00e9g\u00e8res (textile; cuir; plasturgie; caoutchouc; meubles; luxe\u2026), Industries lourdes et de process, Transport (hors fabrication) et logistique SOUS-FAMILLE : PVC CAT\u00c9GORIE EPI : II T\u00e9l\u00e9charger La Fiche Technique\" \/>\n<meta property=\"og:url\" content=\"https:\/\/taalba-dz.com\/dz\/product\/hazguard-full-safety\/\" \/>\n<meta property=\"og:site_name\" content=\"MPGI TAALBA\" \/>\n<meta property=\"article:publisher\" content=\"https:\/\/www.facebook.com\/profile.php?id=100078120130692\" \/>\n<meta name=\"twitter:card\" content=\"summary_large_image\" \/>\n<meta name=\"twitter:label1\" content=\"Dur\u00e9e de lecture estim\u00e9e\" \/>\n\t<meta name=\"twitter:data1\" content=\"1 minute\" \/>\n<script type=\"application\/ld+json\" class=\"yoast-schema-graph\">{\"@context\":\"https:\/\/schema.org\",\"@graph\":[{\"@type\":\"WebPage\",\"@id\":\"https:\/\/taalba-dz.com\/dz\/product\/hazguard-full-safety\/\",\"url\":\"https:\/\/taalba-dz.com\/dz\/product\/hazguard-full-safety\/\",\"name\":\"Bottes s\u00e9curit\u00e9 HAZGUARD Full Safety - 9HAZG80 - MPGI TAALBA\",\"isPartOf\":{\"@id\":\"https:\/\/taalba-dz.com\/dz\/#website\"},\"datePublished\":\"2024-03-27T12:50:25+00:00\",\"breadcrumb\":{\"@id\":\"https:\/\/taalba-dz.com\/dz\/product\/hazguard-full-safety\/#breadcrumb\"},\"inLanguage\":\"fr-FR\",\"potentialAction\":[{\"@type\":\"ReadAction\",\"target\":[\"https:\/\/taalba-dz.com\/dz\/product\/hazguard-full-safety\/\"]}]},{\"@type\":\"BreadcrumbList\",\"@id\":\"https:\/\/taalba-dz.com\/dz\/product\/hazguard-full-safety\/#breadcrumb\",\"itemListElement\":[{\"@type\":\"ListItem\",\"position\":1,\"name\":\"Accueil\",\"item\":\"https:\/\/taalba-dz.com\/dz\/\"},{\"@type\":\"ListItem\",\"position\":2,\"name\":\"Nos Produits\",\"item\":\"https:\/\/taalba-dz.com\/dz\/nos-produits\/\"},{\"@type\":\"ListItem\",\"position\":3,\"name\":\"Bottes s\u00e9curit\u00e9 HAZGUARD Full Safety &#8211; 9HAZG80\"}]},{\"@type\":\"WebSite\",\"@id\":\"https:\/\/taalba-dz.com\/dz\/#website\",\"url\":\"https:\/\/taalba-dz.com\/dz\/\",\"name\":\"MPGI TAALBA\",\"description\":\"\",\"publisher\":{\"@id\":\"https:\/\/taalba-dz.com\/dz\/#organization\"},\"potentialAction\":[{\"@type\":\"SearchAction\",\"target\":{\"@type\":\"EntryPoint\",\"urlTemplate\":\"https:\/\/taalba-dz.com\/dz\/?s={search_term_string}\"},\"query-input\":{\"@type\":\"PropertyValueSpecification\",\"valueRequired\":true,\"valueName\":\"search_term_string\"}}],\"inLanguage\":\"fr-FR\"},{\"@type\":\"Organization\",\"@id\":\"https:\/\/taalba-dz.com\/dz\/#organization\",\"name\":\"MPGI TAALBA\",\"url\":\"https:\/\/taalba-dz.com\/dz\/\",\"logo\":{\"@type\":\"ImageObject\",\"inLanguage\":\"fr-FR\",\"@id\":\"https:\/\/taalba-dz.com\/dz\/#\/schema\/logo\/image\/\",\"url\":\"https:\/\/taalba-dz.com\/dz\/wp-content\/uploads\/2025\/02\/cropped-logo_taalba-removebg-preview.png\",\"contentUrl\":\"https:\/\/taalba-dz.com\/dz\/wp-content\/uploads\/2025\/02\/cropped-logo_taalba-removebg-preview.png\",\"width\":447,\"height\":554,\"caption\":\"MPGI TAALBA\"},\"image\":{\"@id\":\"https:\/\/taalba-dz.com\/dz\/#\/schema\/logo\/image\/\"},\"sameAs\":[\"https:\/\/www.facebook.com\/profile.php?id=100078120130692\"]}]}<\/script>\n<!-- \/ Yoast SEO plugin. -->","yoast_head_json":{"title":"Bottes s\u00e9curit\u00e9 HAZGUARD Full Safety - 9HAZG80 - MPGI TAALBA","robots":{"index":"index","follow":"follow","max-snippet":"max-snippet:-1","max-image-preview":"max-image-preview:large","max-video-preview":"max-video-preview:-1"},"canonical":"https:\/\/taalba-dz.com\/dz\/product\/hazguard-full-safety\/","og_locale":"fr_FR","og_type":"article","og_title":"Bottes s\u00e9curit\u00e9 HAZGUARD Full Safety - 9HAZG80 - MPGI TAALBA","og_description":"COULEUR : Vert GAMME : Bottes synth\u00e9tiques AVANTAGES : * Compos\u00e9 PVC renforc\u00e9 de nitrile et polym\u00e8re pour une protection professionnelle contre les produits chimiques (EN13832- 3:2006). *Protection renforc\u00e9e de la cheville. *Excellente adh\u00e9rence. *Absorption d'\u00e9nergie dans la zone du talon. SECTEURS INDUSTRIELS : Collectivit\u00e9s (maintenance; entretien d\u2019espaces verts; collecte des d\u00e9chets\u2026), Industries extractives (p\u00e9trole; gas), Industries l\u00e9g\u00e8res (textile; cuir; plasturgie; caoutchouc; meubles; luxe\u2026), Industries lourdes et de process, Transport (hors fabrication) et logistique SOUS-FAMILLE : PVC CAT\u00c9GORIE EPI : II T\u00e9l\u00e9charger La Fiche Technique","og_url":"https:\/\/taalba-dz.com\/dz\/product\/hazguard-full-safety\/","og_site_name":"MPGI TAALBA","article_publisher":"https:\/\/www.facebook.com\/profile.php?id=100078120130692","twitter_card":"summary_large_image","twitter_misc":{"Dur\u00e9e de lecture estim\u00e9e":"1 minute"},"schema":{"@context":"https:\/\/schema.org","@graph":[{"@type":"WebPage","@id":"https:\/\/taalba-dz.com\/dz\/product\/hazguard-full-safety\/","url":"https:\/\/taalba-dz.com\/dz\/product\/hazguard-full-safety\/","name":"Bottes s\u00e9curit\u00e9 HAZGUARD Full Safety - 9HAZG80 - MPGI TAALBA","isPartOf":{"@id":"https:\/\/taalba-dz.com\/dz\/#website"},"datePublished":"2024-03-27T12:50:25+00:00","breadcrumb":{"@id":"https:\/\/taalba-dz.com\/dz\/product\/hazguard-full-safety\/#breadcrumb"},"inLanguage":"fr-FR","potentialAction":[{"@type":"ReadAction","target":["https:\/\/taalba-dz.com\/dz\/product\/hazguard-full-safety\/"]}]},{"@type":"BreadcrumbList","@id":"https:\/\/taalba-dz.com\/dz\/product\/hazguard-full-safety\/#breadcrumb","itemListElement":[{"@type":"ListItem","position":1,"name":"Accueil","item":"https:\/\/taalba-dz.com\/dz\/"},{"@type":"ListItem","position":2,"name":"Nos Produits","item":"https:\/\/taalba-dz.com\/dz\/nos-produits\/"},{"@type":"ListItem","position":3,"name":"Bottes s\u00e9curit\u00e9 HAZGUARD Full Safety &#8211; 9HAZG80"}]},{"@type":"WebSite","@id":"https:\/\/taalba-dz.com\/dz\/#website","url":"https:\/\/taalba-dz.com\/dz\/","name":"MPGI TAALBA","description":"","publisher":{"@id":"https:\/\/taalba-dz.com\/dz\/#organization"},"potentialAction":[{"@type":"SearchAction","target":{"@type":"EntryPoint","urlTemplate":"https:\/\/taalba-dz.com\/dz\/?s={search_term_string}"},"query-input":{"@type":"PropertyValueSpecification","valueRequired":true,"valueName":"search_term_string"}}],"inLanguage":"fr-FR"},{"@type":"Organization","@id":"https:\/\/taalba-dz.com\/dz\/#organization","name":"MPGI TAALBA","url":"https:\/\/taalba-dz.com\/dz\/","logo":{"@type":"ImageObject","inLanguage":"fr-FR","@id":"https:\/\/taalba-dz.com\/dz\/#\/schema\/logo\/image\/","url":"https:\/\/taalba-dz.com\/dz\/wp-content\/uploads\/2025\/02\/cropped-logo_taalba-removebg-preview.png","contentUrl":"https:\/\/taalba-dz.com\/dz\/wp-content\/uploads\/2025\/02\/cropped-logo_taalba-removebg-preview.png","width":447,"height":554,"caption":"MPGI TAALBA"},"image":{"@id":"https:\/\/taalba-dz.com\/dz\/#\/schema\/logo\/image\/"},"sameAs":["https:\/\/www.facebook.com\/profile.php?id=100078120130692"]}]}},"_links":{"self":[{"href":"https:\/\/taalba-dz.com\/dz\/wp-json\/wp\/v2\/product\/1266","targetHints":{"allow":["GET"]}}],"collection":[{"href":"https:\/\/taalba-dz.com\/dz\/wp-json\/wp\/v2\/product"}],"about":[{"href":"https:\/\/taalba-dz.com\/dz\/wp-json\/wp\/v2\/types\/product"}],"wp:attachment":[{"href":"https:\/\/taalba-dz.com\/dz\/wp-json\/wp\/v2\/media?parent=1266"}],"wp:term":[{"taxonomy":"product_brand","embeddable":true,"href":"https:\/\/taalba-dz.com\/dz\/wp-json\/wp\/v2\/product_brand?post=1266"},{"taxonomy":"product_cat","embeddable":true,"href":"https:\/\/taalba-dz.com\/dz\/wp-json\/wp\/v2\/product_cat?post=1266"},{"taxonomy":"product_tag","embeddable":true,"href":"https:\/\/taalba-dz.com\/dz\/wp-json\/wp\/v2\/product_tag?post=1266"}],"curies":[{"name":"wp","href":"https:\/\/api.w.org\/{rel}","templated":true}]}}