{"id":1223,"date":"2024-03-27T12:28:43","date_gmt":"2024-03-27T12:28:43","guid":{"rendered":"https:\/\/taalba-dz.com\/?post_type=product&amp;p=1223"},"modified":"2024-03-27T12:28:43","modified_gmt":"2024-03-27T12:28:43","slug":"foodpro-purofort-multigrip-safety","status":"publish","type":"product","link":"https:\/\/taalba-dz.com\/dz\/product\/foodpro-purofort-multigrip-safety\/","title":{"rendered":"Bottes s\u00e9curit\u00e9 PUROFORT M0GRIP Safety PU Blanche &#8211; 9PUMG"},"content":{"rendered":"<p>Le mod\u00e8le PUROFORT SAFETY est une botte de s\u00e9curit\u00e9 en PU doubl\u00e9e de polyamide enduit de PU. Elle poss\u00e8de une semelle int\u00e9rieure Texon amovible et une semelle ext\u00e9rieure en PU antid\u00e9rapante sur sol c\u00e9ramique. Cette botte est munie d\u2019un embout de protection et d\u2019une semelle intercalaire en acier contre les chocs et la p\u00e9n\u00e9tration. Pour vous permettre de travailler m\u00eame dans des environnements froids, son semelage est isolant contre le froid jusqu\u2019\u00e0 -20\u00b0C.<\/p>\n","protected":false},"excerpt":{"rendered":"<p>COULEUR : Blanc<\/p>\n<p>GAMME : Bottes synth\u00e9tiques<\/p>\n<p>AVANTAGES : Chaussant f\u00e9minin. Souple et l\u00e9g\u00e8re pour un port longue dur\u00e9e. Semelle ergonomique pour un excellent maintien du pied.<\/p>\n<p>SECTEURS INDUSTRIELS : Collectivit\u00e9s (maintenance; entretien d\u2019espaces verts; collecte des d\u00e9chets\u2026), Industrie agro-alimentaire, Industries l\u00e9g\u00e8res (textile; cuir; plasturgie; caoutchouc; meubles; luxe\u2026), Industries lourdes et de process<\/p>\n<p>SOUS-FAMILLE : PU<\/p>\n<p>CAT\u00c9GORIE EPI : II<br \/>\n<a href=\"https:\/\/taalba-dz.com\/wp-content\/uploads\/2024\/11\/9PUMG_fr.pdf\" target=\"_blank\" rel=\"noopener noreferrer\"><button>T\u00e9l\u00e9charger La Fiche Technique<\/button><\/a><\/p>\n","protected":false},"featured_media":1224,"template":"","meta":{"_kad_post_transparent":"","_kad_post_title":"","_kad_post_layout":"","_kad_post_sidebar_id":"","_kad_post_content_style":"","_kad_post_vertical_padding":"","_kad_post_feature":"","_kad_post_feature_position":"","_kad_post_header":false,"_kad_post_footer":false,"_kad_post_classname":""},"product_brand":[],"product_cat":[25,24],"product_tag":[],"class_list":{"0":"post-1223","1":"product","2":"type-product","3":"status-publish","4":"has-post-thumbnail","6":"product_cat-bottes-synthetiques","7":"product_cat-protection-des-pieds","9":"first","10":"instock","11":"shipping-taxable","12":"product-type-simple","13":"entry","14":"content-bg","15":"loop-entry"},"yoast_head":"<!-- This site is optimized with the Yoast SEO plugin v26.9 - https:\/\/yoast.com\/product\/yoast-seo-wordpress\/ -->\n<title>Bottes s\u00e9curit\u00e9 PUROFORT M0GRIP Safety PU Blanche - 9PUMG - MPGI TAALBA<\/title>\n<meta name=\"robots\" content=\"index, follow, max-snippet:-1, max-image-preview:large, max-video-preview:-1\" \/>\n<link rel=\"canonical\" href=\"https:\/\/taalba-dz.com\/dz\/product\/foodpro-purofort-multigrip-safety\/\" \/>\n<meta property=\"og:locale\" content=\"fr_FR\" \/>\n<meta property=\"og:type\" content=\"article\" \/>\n<meta property=\"og:title\" content=\"Bottes s\u00e9curit\u00e9 PUROFORT M0GRIP Safety PU Blanche - 9PUMG - MPGI TAALBA\" \/>\n<meta property=\"og:description\" content=\"COULEUR : Blanc GAMME : Bottes synth\u00e9tiques AVANTAGES : Chaussant f\u00e9minin. Souple et l\u00e9g\u00e8re pour un port longue dur\u00e9e. Semelle ergonomique pour un excellent maintien du pied. SECTEURS INDUSTRIELS : Collectivit\u00e9s (maintenance; entretien d\u2019espaces verts; collecte des d\u00e9chets\u2026), Industrie agro-alimentaire, Industries l\u00e9g\u00e8res (textile; cuir; plasturgie; caoutchouc; meubles; luxe\u2026), Industries lourdes et de process SOUS-FAMILLE : PU CAT\u00c9GORIE EPI : II T\u00e9l\u00e9charger La Fiche Technique\" \/>\n<meta property=\"og:url\" content=\"https:\/\/taalba-dz.com\/dz\/product\/foodpro-purofort-multigrip-safety\/\" \/>\n<meta property=\"og:site_name\" content=\"MPGI TAALBA\" \/>\n<meta property=\"article:publisher\" content=\"https:\/\/www.facebook.com\/profile.php?id=100078120130692\" \/>\n<meta property=\"og:image\" content=\"https:\/\/taalba-dz.com\/dz\/wp-content\/uploads\/2024\/03\/9pumg_foodpro_purofort_multigrip_safety_1.png\" \/>\n\t<meta property=\"og:image:width\" content=\"500\" \/>\n\t<meta property=\"og:image:height\" content=\"500\" \/>\n\t<meta property=\"og:image:type\" content=\"image\/png\" \/>\n<meta name=\"twitter:card\" content=\"summary_large_image\" \/>\n<meta name=\"twitter:label1\" content=\"Dur\u00e9e de lecture estim\u00e9e\" \/>\n\t<meta name=\"twitter:data1\" content=\"1 minute\" \/>\n<script type=\"application\/ld+json\" class=\"yoast-schema-graph\">{\"@context\":\"https:\/\/schema.org\",\"@graph\":[{\"@type\":\"WebPage\",\"@id\":\"https:\/\/taalba-dz.com\/dz\/product\/foodpro-purofort-multigrip-safety\/\",\"url\":\"https:\/\/taalba-dz.com\/dz\/product\/foodpro-purofort-multigrip-safety\/\",\"name\":\"Bottes s\u00e9curit\u00e9 PUROFORT M0GRIP Safety PU Blanche - 9PUMG - MPGI TAALBA\",\"isPartOf\":{\"@id\":\"https:\/\/taalba-dz.com\/dz\/#website\"},\"primaryImageOfPage\":{\"@id\":\"https:\/\/taalba-dz.com\/dz\/product\/foodpro-purofort-multigrip-safety\/#primaryimage\"},\"image\":{\"@id\":\"https:\/\/taalba-dz.com\/dz\/product\/foodpro-purofort-multigrip-safety\/#primaryimage\"},\"thumbnailUrl\":\"https:\/\/taalba-dz.com\/dz\/wp-content\/uploads\/2024\/03\/9pumg_foodpro_purofort_multigrip_safety_1.png\",\"datePublished\":\"2024-03-27T12:28:43+00:00\",\"breadcrumb\":{\"@id\":\"https:\/\/taalba-dz.com\/dz\/product\/foodpro-purofort-multigrip-safety\/#breadcrumb\"},\"inLanguage\":\"fr-FR\",\"potentialAction\":[{\"@type\":\"ReadAction\",\"target\":[\"https:\/\/taalba-dz.com\/dz\/product\/foodpro-purofort-multigrip-safety\/\"]}]},{\"@type\":\"ImageObject\",\"inLanguage\":\"fr-FR\",\"@id\":\"https:\/\/taalba-dz.com\/dz\/product\/foodpro-purofort-multigrip-safety\/#primaryimage\",\"url\":\"https:\/\/taalba-dz.com\/dz\/wp-content\/uploads\/2024\/03\/9pumg_foodpro_purofort_multigrip_safety_1.png\",\"contentUrl\":\"https:\/\/taalba-dz.com\/dz\/wp-content\/uploads\/2024\/03\/9pumg_foodpro_purofort_multigrip_safety_1.png\",\"width\":500,\"height\":500},{\"@type\":\"BreadcrumbList\",\"@id\":\"https:\/\/taalba-dz.com\/dz\/product\/foodpro-purofort-multigrip-safety\/#breadcrumb\",\"itemListElement\":[{\"@type\":\"ListItem\",\"position\":1,\"name\":\"Accueil\",\"item\":\"https:\/\/taalba-dz.com\/dz\/\"},{\"@type\":\"ListItem\",\"position\":2,\"name\":\"Nos Produits\",\"item\":\"https:\/\/taalba-dz.com\/dz\/nos-produits\/\"},{\"@type\":\"ListItem\",\"position\":3,\"name\":\"Bottes s\u00e9curit\u00e9 PUROFORT M0GRIP Safety PU Blanche &#8211; 9PUMG\"}]},{\"@type\":\"WebSite\",\"@id\":\"https:\/\/taalba-dz.com\/dz\/#website\",\"url\":\"https:\/\/taalba-dz.com\/dz\/\",\"name\":\"MPGI TAALBA\",\"description\":\"\",\"publisher\":{\"@id\":\"https:\/\/taalba-dz.com\/dz\/#organization\"},\"potentialAction\":[{\"@type\":\"SearchAction\",\"target\":{\"@type\":\"EntryPoint\",\"urlTemplate\":\"https:\/\/taalba-dz.com\/dz\/?s={search_term_string}\"},\"query-input\":{\"@type\":\"PropertyValueSpecification\",\"valueRequired\":true,\"valueName\":\"search_term_string\"}}],\"inLanguage\":\"fr-FR\"},{\"@type\":\"Organization\",\"@id\":\"https:\/\/taalba-dz.com\/dz\/#organization\",\"name\":\"MPGI TAALBA\",\"url\":\"https:\/\/taalba-dz.com\/dz\/\",\"logo\":{\"@type\":\"ImageObject\",\"inLanguage\":\"fr-FR\",\"@id\":\"https:\/\/taalba-dz.com\/dz\/#\/schema\/logo\/image\/\",\"url\":\"https:\/\/taalba-dz.com\/dz\/wp-content\/uploads\/2025\/02\/cropped-logo_taalba-removebg-preview.png\",\"contentUrl\":\"https:\/\/taalba-dz.com\/dz\/wp-content\/uploads\/2025\/02\/cropped-logo_taalba-removebg-preview.png\",\"width\":447,\"height\":554,\"caption\":\"MPGI TAALBA\"},\"image\":{\"@id\":\"https:\/\/taalba-dz.com\/dz\/#\/schema\/logo\/image\/\"},\"sameAs\":[\"https:\/\/www.facebook.com\/profile.php?id=100078120130692\"]}]}<\/script>\n<!-- \/ Yoast SEO plugin. -->","yoast_head_json":{"title":"Bottes s\u00e9curit\u00e9 PUROFORT M0GRIP Safety PU Blanche - 9PUMG - MPGI TAALBA","robots":{"index":"index","follow":"follow","max-snippet":"max-snippet:-1","max-image-preview":"max-image-preview:large","max-video-preview":"max-video-preview:-1"},"canonical":"https:\/\/taalba-dz.com\/dz\/product\/foodpro-purofort-multigrip-safety\/","og_locale":"fr_FR","og_type":"article","og_title":"Bottes s\u00e9curit\u00e9 PUROFORT M0GRIP Safety PU Blanche - 9PUMG - MPGI TAALBA","og_description":"COULEUR : Blanc GAMME : Bottes synth\u00e9tiques AVANTAGES : Chaussant f\u00e9minin. Souple et l\u00e9g\u00e8re pour un port longue dur\u00e9e. Semelle ergonomique pour un excellent maintien du pied. SECTEURS INDUSTRIELS : Collectivit\u00e9s (maintenance; entretien d\u2019espaces verts; collecte des d\u00e9chets\u2026), Industrie agro-alimentaire, Industries l\u00e9g\u00e8res (textile; cuir; plasturgie; caoutchouc; meubles; luxe\u2026), Industries lourdes et de process SOUS-FAMILLE : PU CAT\u00c9GORIE EPI : II T\u00e9l\u00e9charger La Fiche Technique","og_url":"https:\/\/taalba-dz.com\/dz\/product\/foodpro-purofort-multigrip-safety\/","og_site_name":"MPGI TAALBA","article_publisher":"https:\/\/www.facebook.com\/profile.php?id=100078120130692","og_image":[{"width":500,"height":500,"url":"https:\/\/taalba-dz.com\/dz\/wp-content\/uploads\/2024\/03\/9pumg_foodpro_purofort_multigrip_safety_1.png","type":"image\/png"}],"twitter_card":"summary_large_image","twitter_misc":{"Dur\u00e9e de lecture estim\u00e9e":"1 minute"},"schema":{"@context":"https:\/\/schema.org","@graph":[{"@type":"WebPage","@id":"https:\/\/taalba-dz.com\/dz\/product\/foodpro-purofort-multigrip-safety\/","url":"https:\/\/taalba-dz.com\/dz\/product\/foodpro-purofort-multigrip-safety\/","name":"Bottes s\u00e9curit\u00e9 PUROFORT M0GRIP Safety PU Blanche - 9PUMG - MPGI TAALBA","isPartOf":{"@id":"https:\/\/taalba-dz.com\/dz\/#website"},"primaryImageOfPage":{"@id":"https:\/\/taalba-dz.com\/dz\/product\/foodpro-purofort-multigrip-safety\/#primaryimage"},"image":{"@id":"https:\/\/taalba-dz.com\/dz\/product\/foodpro-purofort-multigrip-safety\/#primaryimage"},"thumbnailUrl":"https:\/\/taalba-dz.com\/dz\/wp-content\/uploads\/2024\/03\/9pumg_foodpro_purofort_multigrip_safety_1.png","datePublished":"2024-03-27T12:28:43+00:00","breadcrumb":{"@id":"https:\/\/taalba-dz.com\/dz\/product\/foodpro-purofort-multigrip-safety\/#breadcrumb"},"inLanguage":"fr-FR","potentialAction":[{"@type":"ReadAction","target":["https:\/\/taalba-dz.com\/dz\/product\/foodpro-purofort-multigrip-safety\/"]}]},{"@type":"ImageObject","inLanguage":"fr-FR","@id":"https:\/\/taalba-dz.com\/dz\/product\/foodpro-purofort-multigrip-safety\/#primaryimage","url":"https:\/\/taalba-dz.com\/dz\/wp-content\/uploads\/2024\/03\/9pumg_foodpro_purofort_multigrip_safety_1.png","contentUrl":"https:\/\/taalba-dz.com\/dz\/wp-content\/uploads\/2024\/03\/9pumg_foodpro_purofort_multigrip_safety_1.png","width":500,"height":500},{"@type":"BreadcrumbList","@id":"https:\/\/taalba-dz.com\/dz\/product\/foodpro-purofort-multigrip-safety\/#breadcrumb","itemListElement":[{"@type":"ListItem","position":1,"name":"Accueil","item":"https:\/\/taalba-dz.com\/dz\/"},{"@type":"ListItem","position":2,"name":"Nos Produits","item":"https:\/\/taalba-dz.com\/dz\/nos-produits\/"},{"@type":"ListItem","position":3,"name":"Bottes s\u00e9curit\u00e9 PUROFORT M0GRIP Safety PU Blanche &#8211; 9PUMG"}]},{"@type":"WebSite","@id":"https:\/\/taalba-dz.com\/dz\/#website","url":"https:\/\/taalba-dz.com\/dz\/","name":"MPGI TAALBA","description":"","publisher":{"@id":"https:\/\/taalba-dz.com\/dz\/#organization"},"potentialAction":[{"@type":"SearchAction","target":{"@type":"EntryPoint","urlTemplate":"https:\/\/taalba-dz.com\/dz\/?s={search_term_string}"},"query-input":{"@type":"PropertyValueSpecification","valueRequired":true,"valueName":"search_term_string"}}],"inLanguage":"fr-FR"},{"@type":"Organization","@id":"https:\/\/taalba-dz.com\/dz\/#organization","name":"MPGI TAALBA","url":"https:\/\/taalba-dz.com\/dz\/","logo":{"@type":"ImageObject","inLanguage":"fr-FR","@id":"https:\/\/taalba-dz.com\/dz\/#\/schema\/logo\/image\/","url":"https:\/\/taalba-dz.com\/dz\/wp-content\/uploads\/2025\/02\/cropped-logo_taalba-removebg-preview.png","contentUrl":"https:\/\/taalba-dz.com\/dz\/wp-content\/uploads\/2025\/02\/cropped-logo_taalba-removebg-preview.png","width":447,"height":554,"caption":"MPGI TAALBA"},"image":{"@id":"https:\/\/taalba-dz.com\/dz\/#\/schema\/logo\/image\/"},"sameAs":["https:\/\/www.facebook.com\/profile.php?id=100078120130692"]}]}},"_links":{"self":[{"href":"https:\/\/taalba-dz.com\/dz\/wp-json\/wp\/v2\/product\/1223","targetHints":{"allow":["GET"]}}],"collection":[{"href":"https:\/\/taalba-dz.com\/dz\/wp-json\/wp\/v2\/product"}],"about":[{"href":"https:\/\/taalba-dz.com\/dz\/wp-json\/wp\/v2\/types\/product"}],"wp:featuredmedia":[{"embeddable":true,"href":"https:\/\/taalba-dz.com\/dz\/wp-json\/wp\/v2\/media\/1224"}],"wp:attachment":[{"href":"https:\/\/taalba-dz.com\/dz\/wp-json\/wp\/v2\/media?parent=1223"}],"wp:term":[{"taxonomy":"product_brand","embeddable":true,"href":"https:\/\/taalba-dz.com\/dz\/wp-json\/wp\/v2\/product_brand?post=1223"},{"taxonomy":"product_cat","embeddable":true,"href":"https:\/\/taalba-dz.com\/dz\/wp-json\/wp\/v2\/product_cat?post=1223"},{"taxonomy":"product_tag","embeddable":true,"href":"https:\/\/taalba-dz.com\/dz\/wp-json\/wp\/v2\/product_tag?post=1223"}],"curies":[{"name":"wp","href":"https:\/\/api.w.org\/{rel}","templated":true}]}}