{"id":8114,"date":"2025-02-15T13:21:14","date_gmt":"2025-02-15T13:21:14","guid":{"rendered":"https:\/\/taalba-dz.com\/dz\/?page_id=8114"},"modified":"2025-09-27T10:38:39","modified_gmt":"2025-09-27T10:38:39","slug":"8114-2","status":"publish","type":"page","link":"https:\/\/taalba-dz.com\/dz\/8114-2\/","title":{"rendered":"Nous contacter"},"content":{"rendered":"\t\t<div data-elementor-type=\"wp-page\" data-elementor-id=\"8114\" class=\"elementor elementor-8114\" data-elementor-post-type=\"page\">\n\t\t\t\t<div class=\"elementor-element elementor-element-09df858 e-flex e-con-boxed e-con e-parent\" data-id=\"09df858\" data-element_type=\"container\" data-e-type=\"container\" data-settings=\"{&quot;background_background&quot;:&quot;classic&quot;}\">\n\t\t\t\t\t<div class=\"e-con-inner\">\n\t\t<div class=\"elementor-element elementor-element-af4cdf1 e-con-full e-flex e-con e-child\" data-id=\"af4cdf1\" data-element_type=\"container\" data-e-type=\"container\">\n\t\t\t\t<div class=\"elementor-element elementor-element-6de9c78 elementor-widget elementor-widget-heading\" data-id=\"6de9c78\" data-element_type=\"widget\" data-e-type=\"widget\" data-widget_type=\"heading.default\">\n\t\t\t\t<div class=\"elementor-widget-container\">\n\t\t\t\t\t<h2 class=\"elementor-heading-title elementor-size-default\">Contact<\/h2>\t\t\t\t<\/div>\n\t\t\t\t<\/div>\n\t\t\t\t<div class=\"elementor-element elementor-element-97be1c4 elementor-widget elementor-widget-text-editor\" data-id=\"97be1c4\" data-element_type=\"widget\" data-e-type=\"widget\" data-widget_type=\"text-editor.default\">\n\t\t\t\t<div class=\"elementor-widget-container\">\n\t\t\t\t\t\t\t\t\t<p>Une question ? Besoin d&rsquo;informations suppl\u00e9mentaires ? N&rsquo;h\u00e9sitez pas \u00e0 nous contacter soit par Email, par t\u00e9l\u00e9phone ou en remplissant le formulaire ci-dessous.<\/p>\t\t\t\t\t\t\t\t<\/div>\n\t\t\t\t<\/div>\n\t\t\t\t<div class=\"elementor-element elementor-element-172ae49 elementor-widget elementor-widget-formidable\" data-id=\"172ae49\" data-element_type=\"widget\" data-e-type=\"widget\" data-widget_type=\"formidable.default\">\n\t\t\t\t<div class=\"elementor-widget-container\">\n\t\t\t\t\t<div class=\"frm_forms  with_frm_style frm_style_style-formidable\" id=\"frm_form_1_container\" >\n<form enctype=\"multipart\/form-data\" method=\"post\" class=\"frm-show-form \" id=\"form_contact-form\" >\n<div class=\"frm_form_fields \">\n<fieldset>\n<legend class=\"frm_screen_reader\">Contact Us<\/legend>\r\n\r\n<div class=\"frm_fields_container\">\n<input type=\"hidden\" name=\"frm_action\" value=\"create\" \/>\n<input type=\"hidden\" name=\"form_id\" value=\"1\" \/>\n<input type=\"hidden\" name=\"frm_hide_fields_1\" id=\"frm_hide_fields_1\" value=\"\" \/>\n<input type=\"hidden\" name=\"form_key\" value=\"contact-form\" \/>\n<input type=\"hidden\" name=\"item_meta[0]\" value=\"\" \/>\n<input type=\"hidden\" id=\"frm_submit_entry_1\" name=\"frm_submit_entry_1\" value=\"5b2ea83f16\" \/><input type=\"hidden\" name=\"_wp_http_referer\" value=\"\/dz\/wp-json\/wp\/v2\/pages\/8114\" \/><div id=\"frm_field_7_container\" class=\"frm_form_field form-field  frm_top_container\">\r\n\t<label for=\"field_y2mke\" id=\"field_y2mke_label\" class=\"frm_primary_label\">Votre demande\r\n\t\t<span class=\"frm_required\" aria-hidden=\"true\"><\/span>\r\n\t<\/label>\r\n\t\t\t<select name=\"item_meta[7]\" id=\"field_y2mke\"  data-invmsg=\"Votre demande est non valide\" aria-invalid=\"false\"  >\n\t\t<option  value=\"\" selected='selected'> <\/option><option  value=\"Produits EPI d&#039;importation\">Produits EPI d&#039;importation<\/option><option  value=\"Produits EPI de fabrication locale\">Produits EPI de fabrication locale<\/option><option  value=\"Produits anti incendie\">Produits anti incendie<\/option>\t<\/select>\n\t\r\n\t\r\n\t\r\n<\/div>\n<div id=\"frm_field_1_container\" class=\"frm_form_field form-field  frm_required_field frm_top_container frm_first frm_half\">\r\n\t<label for=\"field_qh4icy\" id=\"field_qh4icy_label\" class=\"frm_primary_label\">Nom\r\n\t\t<span class=\"frm_required\" aria-hidden=\"true\">*<\/span>\r\n\t<\/label>\r\n\t<input type=\"text\" id=\"field_qh4icy\" name=\"item_meta[1]\" value=\"\"  data-reqmsg=\"Nom ne peut pas \u00eatre vide.\" aria-required=\"true\" data-invmsg=\"Nom est non valide\" aria-invalid=\"false\"  \/>\r\n\t\r\n\t\r\n<\/div>\n<div id=\"frm_field_2_container\" class=\"frm_form_field form-field  frm_required_field frm_hidden_container frm_half\">\r\n\t<label for=\"field_ocfup1\" id=\"field_ocfup1_label\" class=\"frm_primary_label\">Pr\u00e9nom\r\n\t\t<span class=\"frm_required\" aria-hidden=\"true\">*<\/span>\r\n\t<\/label>\r\n\t<input type=\"text\" id=\"field_ocfup1\" name=\"item_meta[2]\" value=\"\"  data-reqmsg=\"Pr\u00e9nom ne peut pas \u00eatre vide.\" aria-required=\"true\" data-invmsg=\"Pr\u00e9nom est non valide\" aria-invalid=\"false\"  \/>\r\n\t\r\n\t\r\n<\/div>\n<div id=\"frm_field_8_container\" class=\"frm_form_field form-field  frm_required_field frm_top_container\">\r\n\t<label for=\"field_6icid\" id=\"field_6icid_label\" class=\"frm_primary_label\">T\u00e9l\u00e9phone\r\n\t\t<span class=\"frm_required\" aria-hidden=\"true\">*<\/span>\r\n\t<\/label>\r\n\t<input type=\"tel\" id=\"field_6icid\" name=\"item_meta[8]\" value=\"\"  data-reqmsg=\"T\u00e9l\u00e9phone ne peut pas \u00eatre vide.\" aria-required=\"true\" data-invmsg=\"T\u00e9l\u00e9phone est non valide\" aria-invalid=\"false\" pattern=\"((\\+\\d{1,3}(-|.| )?\\(?\\d\\)?(-| |.)?\\d{1,5})|(\\(?\\d{2,6}\\)?))(-|.| )?(\\d{3,4})(-|.| )?(\\d{4})(( x| ext)\\d{1,5}){0,1}$\"  \/>\r\n\t\r\n\t\r\n<\/div>\n<div id=\"frm_field_3_container\" class=\"frm_form_field form-field  frm_required_field frm_top_container frm_full\">\r\n\t<label for=\"field_29yf4d\" id=\"field_29yf4d_label\" class=\"frm_primary_label\">Email\r\n\t\t<span class=\"frm_required\" aria-hidden=\"true\">*<\/span>\r\n\t<\/label>\r\n\t<input type=\"email\" id=\"field_29yf4d\" name=\"item_meta[3]\" value=\"\"  data-reqmsg=\"Email ne peut pas \u00eatre vide.\" aria-required=\"true\" data-invmsg=\"Please enter a valid email address\" aria-invalid=\"false\"  \/>\r\n\t\r\n\t\r\n<\/div>\n<div id=\"frm_field_5_container\" class=\"frm_form_field form-field  frm_required_field frm_top_container frm_full\">\r\n\t<label for=\"field_9jv0r1\" id=\"field_9jv0r1_label\" class=\"frm_primary_label\">Message\r\n\t\t<span class=\"frm_required\" aria-hidden=\"true\">*<\/span>\r\n\t<\/label>\r\n\t<textarea name=\"item_meta[5]\" id=\"field_9jv0r1\" rows=\"5\"  data-reqmsg=\"Message ne peut pas \u00eatre vide.\" aria-required=\"true\" data-invmsg=\"Message est non valide\" aria-invalid=\"false\"  ><\/textarea>\r\n\t\r\n\t\r\n<\/div>\n<div id=\"frm_field_9_container\" class=\"frm_form_field form-field  frm_none_container\">\r\n\t<label for=\"g-recaptcha-response\" id=\"field_gdnkb_label\" class=\"frm_primary_label\">Captcha\r\n\t\t<span class=\"frm_required\" aria-hidden=\"true\"><\/span>\r\n\t<\/label>\r\n\t<div  id=\"field_gdnkb\" class=\"frm-g-recaptcha\" data-sitekey=\"6Lc-wdYrAAAAAGtHcOWKQ4Ry7YW6SnQrGaB3YAyn\" data-size=\"normal\" data-theme=\"light\"><\/div>\r\n\t\r\n\t\r\n<\/div>\n<div id=\"frm_field_6_container\" class=\"frm_form_field form-field \">\r\n\t<div class=\"frm_submit frm_flex\">\r\n<button class=\"frm_button_submit\" type=\"submit\"  >Envoyer<\/button>\r\n\r\n\r\n\r\n<\/div>\r\n<\/div>\n\t<input type=\"hidden\" name=\"item_key\" value=\"\" \/>\n\t\t\t<div id=\"frm_field_10_container\">\n\t\t\t<label for=\"field_lpgt9\" >\n\t\t\t\tSi vous \u00eates un humain, ne remplissez pas ce champ.\t\t\t<\/label>\n\t\t\t<input  id=\"field_lpgt9\" type=\"text\" class=\"frm_form_field form-field frm_verify\" name=\"item_meta[10]\" value=\"\"  \/>\n\t\t<\/div>\n\t\t<input name=\"frm_state\" type=\"hidden\" value=\"8oizfdKDzIB5b\/LMooCZd2IS91w4obrZtvt7ztB1Pg0=\" \/><\/div>\n<\/fieldset>\n<\/div>\n\n<\/form>\n<\/div>\n\t\t\t\t<\/div>\n\t\t\t\t<\/div>\n\t\t\t\t<\/div>\n\t\t<div class=\"elementor-element elementor-element-140df98 e-con-full e-flex e-con e-child\" data-id=\"140df98\" data-element_type=\"container\" data-e-type=\"container\" data-settings=\"{&quot;background_background&quot;:&quot;classic&quot;}\">\n\t\t\t\t<\/div>\n\t\t\t\t\t<\/div>\n\t\t\t\t<\/div>\n\t\t<div class=\"elementor-element elementor-element-46eaade e-flex e-con-boxed e-con e-parent\" data-id=\"46eaade\" data-element_type=\"container\" data-e-type=\"container\">\n\t\t\t\t\t<div class=\"e-con-inner\">\n\t\t<div class=\"elementor-element elementor-element-67c12bd e-con-full e-flex e-con e-child\" data-id=\"67c12bd\" data-element_type=\"container\" data-e-type=\"container\">\n\t\t\t\t<div class=\"elementor-element elementor-element-c4cc70c elementor-widget elementor-widget-heading\" data-id=\"c4cc70c\" data-element_type=\"widget\" data-e-type=\"widget\" data-widget_type=\"heading.default\">\n\t\t\t\t<div class=\"elementor-widget-container\">\n\t\t\t\t\t<h2 class=\"elementor-heading-title elementor-size-default\">Notre si\u00e8ge Akbou<\/h2>\t\t\t\t<\/div>\n\t\t\t\t<\/div>\n\t\t\t\t<div class=\"elementor-element elementor-element-d22343e elementor-widget elementor-widget-html\" data-id=\"d22343e\" data-element_type=\"widget\" data-e-type=\"widget\" data-widget_type=\"html.default\">\n\t\t\t\t<div class=\"elementor-widget-container\">\n\t\t\t\t\t<iframe src=\"https:\/\/www.google.com\/maps\/embed?pb=!1m18!1m12!1m3!1d3209.3081452930824!2d4.526840574934592!3d36.45010878735753!2m3!1f0!2f0!3f0!3m2!1i1024!2i768!4f13.1!3m3!1m2!1s0x128cfd7d1a5d85ff%3A0xb3b9e8eb8dc86b0a!2sSarl%20Taalba%20protection!5e0!3m2!1sfr!2sdz!4v1739626099327!5m2!1sfr!2sdz\" width=\"600\" height=\"450\" style=\"border:0;\" allowfullscreen=\"\" loading=\"lazy\" referrerpolicy=\"no-referrer-when-downgrade\"><\/iframe>\t\t\t\t<\/div>\n\t\t\t\t<\/div>\n\t\t\t\t<\/div>\n\t\t<div class=\"elementor-element elementor-element-e7fdd36 e-con-full e-flex e-con e-child\" data-id=\"e7fdd36\" data-element_type=\"container\" data-e-type=\"container\">\n\t\t\t\t<div class=\"elementor-element elementor-element-5938487 elementor-widget elementor-widget-heading\" data-id=\"5938487\" data-element_type=\"widget\" data-e-type=\"widget\" data-widget_type=\"heading.default\">\n\t\t\t\t<div class=\"elementor-widget-container\">\n\t\t\t\t\t<h2 class=\"elementor-heading-title elementor-size-default\">Notre si\u00e8ge B\u00e9jaia<\/h2>\t\t\t\t<\/div>\n\t\t\t\t<\/div>\n\t\t\t\t<div class=\"elementor-element elementor-element-975417c elementor-widget elementor-widget-html\" data-id=\"975417c\" data-element_type=\"widget\" data-e-type=\"widget\" data-widget_type=\"html.default\">\n\t\t\t\t<div class=\"elementor-widget-container\">\n\t\t\t\t\t<iframe src=\"https:\/\/www.google.com\/maps\/embed?pb=!1m18!1m12!1m3!1d3197.4785449846086!2d5.059963074949344!3d36.735082971368996!2m3!1f0!2f0!3f0!3m2!1i1024!2i768!4f13.1!3m3!1m2!1s0x12f2cd00201c832f%3A0xcce74abf7f202e24!2sSARL%20TAALBA%20protection!5e0!3m2!1sfr!2sdz!4v1739626791959!5m2!1sfr!2sdz\" width=\"600\" height=\"450\" style=\"border:0;\" allowfullscreen=\"\" loading=\"lazy\" referrerpolicy=\"no-referrer-when-downgrade\"><\/iframe>\t\t\t\t<\/div>\n\t\t\t\t<\/div>\n\t\t\t\t<\/div>\n\t\t\t\t\t<\/div>\n\t\t\t\t<\/div>\n\t\t\t\t<\/div>\n\t\t","protected":false},"excerpt":{"rendered":"<p>Contact Une question ? Besoin d&rsquo;informations suppl\u00e9mentaires ? N&rsquo;h\u00e9sitez pas \u00e0 nous contacter soit par Email, par t\u00e9l\u00e9phone ou en remplissant le formulaire ci-dessous. Contact Us Votre demande Produits EPI d&#039;importationProduits EPI de fabrication localeProduits anti incendie Nom * Pr\u00e9nom * T\u00e9l\u00e9phone * Email * Message * Captcha Envoyer Si vous \u00eates un humain, ne&#8230;<\/p>\n","protected":false},"author":1,"featured_media":0,"parent":0,"menu_order":0,"comment_status":"closed","ping_status":"closed","template":"","meta":{"_kad_post_transparent":"default","_kad_post_title":"hide","_kad_post_layout":"fullwidth","_kad_post_sidebar_id":"","_kad_post_content_style":"unboxed","_kad_post_vertical_padding":"hide","_kad_post_feature":"hide","_kad_post_feature_position":"","_kad_post_header":false,"_kad_post_footer":false,"_kad_post_classname":"","footnotes":""},"class_list":["post-8114","page","type-page","status-publish","hentry"],"yoast_head":"<!-- This site is optimized with the Yoast SEO plugin v26.9 - https:\/\/yoast.com\/product\/yoast-seo-wordpress\/ -->\n<title>Nous contacter - MPGI TAALBA<\/title>\n<meta name=\"robots\" content=\"index, follow, max-snippet:-1, max-image-preview:large, max-video-preview:-1\" \/>\n<link rel=\"canonical\" href=\"https:\/\/taalba-dz.com\/dz\/8114-2\/\" \/>\n<meta property=\"og:locale\" content=\"fr_FR\" \/>\n<meta property=\"og:type\" content=\"article\" \/>\n<meta property=\"og:title\" content=\"Nous contacter - MPGI TAALBA\" \/>\n<meta property=\"og:description\" content=\"Contact Une question ? Besoin d&rsquo;informations suppl\u00e9mentaires ? N&rsquo;h\u00e9sitez pas \u00e0 nous contacter soit par Email, par t\u00e9l\u00e9phone ou en remplissant le formulaire ci-dessous. Contact Us Votre demande Produits EPI d&#039;importationProduits EPI de fabrication localeProduits anti incendie Nom * Pr\u00e9nom * T\u00e9l\u00e9phone * Email * Message * Captcha Envoyer Si vous \u00eates un humain, ne...\" \/>\n<meta property=\"og:url\" content=\"https:\/\/taalba-dz.com\/dz\/8114-2\/\" \/>\n<meta property=\"og:site_name\" content=\"MPGI TAALBA\" \/>\n<meta property=\"article:publisher\" content=\"https:\/\/www.facebook.com\/profile.php?id=100078120130692\" \/>\n<meta property=\"article:modified_time\" content=\"2025-09-27T10:38:39+00:00\" \/>\n<meta name=\"twitter:card\" content=\"summary_large_image\" \/>\n<script type=\"application\/ld+json\" class=\"yoast-schema-graph\">{\"@context\":\"https:\/\/schema.org\",\"@graph\":[{\"@type\":\"WebPage\",\"@id\":\"https:\/\/taalba-dz.com\/dz\/8114-2\/\",\"url\":\"https:\/\/taalba-dz.com\/dz\/8114-2\/\",\"name\":\"Nous contacter - MPGI TAALBA\",\"isPartOf\":{\"@id\":\"https:\/\/taalba-dz.com\/dz\/#website\"},\"datePublished\":\"2025-02-15T13:21:14+00:00\",\"dateModified\":\"2025-09-27T10:38:39+00:00\",\"breadcrumb\":{\"@id\":\"https:\/\/taalba-dz.com\/dz\/8114-2\/#breadcrumb\"},\"inLanguage\":\"fr-FR\",\"potentialAction\":[{\"@type\":\"ReadAction\",\"target\":[\"https:\/\/taalba-dz.com\/dz\/8114-2\/\"]}]},{\"@type\":\"BreadcrumbList\",\"@id\":\"https:\/\/taalba-dz.com\/dz\/8114-2\/#breadcrumb\",\"itemListElement\":[{\"@type\":\"ListItem\",\"position\":1,\"name\":\"Accueil\",\"item\":\"https:\/\/taalba-dz.com\/dz\/\"},{\"@type\":\"ListItem\",\"position\":2,\"name\":\"Nous contacter\"}]},{\"@type\":\"WebSite\",\"@id\":\"https:\/\/taalba-dz.com\/dz\/#website\",\"url\":\"https:\/\/taalba-dz.com\/dz\/\",\"name\":\"MPGI TAALBA\",\"description\":\"\",\"publisher\":{\"@id\":\"https:\/\/taalba-dz.com\/dz\/#organization\"},\"potentialAction\":[{\"@type\":\"SearchAction\",\"target\":{\"@type\":\"EntryPoint\",\"urlTemplate\":\"https:\/\/taalba-dz.com\/dz\/?s={search_term_string}\"},\"query-input\":{\"@type\":\"PropertyValueSpecification\",\"valueRequired\":true,\"valueName\":\"search_term_string\"}}],\"inLanguage\":\"fr-FR\"},{\"@type\":\"Organization\",\"@id\":\"https:\/\/taalba-dz.com\/dz\/#organization\",\"name\":\"MPGI TAALBA\",\"url\":\"https:\/\/taalba-dz.com\/dz\/\",\"logo\":{\"@type\":\"ImageObject\",\"inLanguage\":\"fr-FR\",\"@id\":\"https:\/\/taalba-dz.com\/dz\/#\/schema\/logo\/image\/\",\"url\":\"https:\/\/taalba-dz.com\/dz\/wp-content\/uploads\/2025\/02\/cropped-logo_taalba-removebg-preview.png\",\"contentUrl\":\"https:\/\/taalba-dz.com\/dz\/wp-content\/uploads\/2025\/02\/cropped-logo_taalba-removebg-preview.png\",\"width\":447,\"height\":554,\"caption\":\"MPGI TAALBA\"},\"image\":{\"@id\":\"https:\/\/taalba-dz.com\/dz\/#\/schema\/logo\/image\/\"},\"sameAs\":[\"https:\/\/www.facebook.com\/profile.php?id=100078120130692\"]}]}<\/script>\n<!-- \/ Yoast SEO plugin. -->","yoast_head_json":{"title":"Nous contacter - MPGI TAALBA","robots":{"index":"index","follow":"follow","max-snippet":"max-snippet:-1","max-image-preview":"max-image-preview:large","max-video-preview":"max-video-preview:-1"},"canonical":"https:\/\/taalba-dz.com\/dz\/8114-2\/","og_locale":"fr_FR","og_type":"article","og_title":"Nous contacter - MPGI TAALBA","og_description":"Contact Une question ? Besoin d&rsquo;informations suppl\u00e9mentaires ? N&rsquo;h\u00e9sitez pas \u00e0 nous contacter soit par Email, par t\u00e9l\u00e9phone ou en remplissant le formulaire ci-dessous. Contact Us Votre demande Produits EPI d&#039;importationProduits EPI de fabrication localeProduits anti incendie Nom * Pr\u00e9nom * T\u00e9l\u00e9phone * Email * Message * Captcha Envoyer Si vous \u00eates un humain, ne...","og_url":"https:\/\/taalba-dz.com\/dz\/8114-2\/","og_site_name":"MPGI TAALBA","article_publisher":"https:\/\/www.facebook.com\/profile.php?id=100078120130692","article_modified_time":"2025-09-27T10:38:39+00:00","twitter_card":"summary_large_image","schema":{"@context":"https:\/\/schema.org","@graph":[{"@type":"WebPage","@id":"https:\/\/taalba-dz.com\/dz\/8114-2\/","url":"https:\/\/taalba-dz.com\/dz\/8114-2\/","name":"Nous contacter - MPGI TAALBA","isPartOf":{"@id":"https:\/\/taalba-dz.com\/dz\/#website"},"datePublished":"2025-02-15T13:21:14+00:00","dateModified":"2025-09-27T10:38:39+00:00","breadcrumb":{"@id":"https:\/\/taalba-dz.com\/dz\/8114-2\/#breadcrumb"},"inLanguage":"fr-FR","potentialAction":[{"@type":"ReadAction","target":["https:\/\/taalba-dz.com\/dz\/8114-2\/"]}]},{"@type":"BreadcrumbList","@id":"https:\/\/taalba-dz.com\/dz\/8114-2\/#breadcrumb","itemListElement":[{"@type":"ListItem","position":1,"name":"Accueil","item":"https:\/\/taalba-dz.com\/dz\/"},{"@type":"ListItem","position":2,"name":"Nous contacter"}]},{"@type":"WebSite","@id":"https:\/\/taalba-dz.com\/dz\/#website","url":"https:\/\/taalba-dz.com\/dz\/","name":"MPGI TAALBA","description":"","publisher":{"@id":"https:\/\/taalba-dz.com\/dz\/#organization"},"potentialAction":[{"@type":"SearchAction","target":{"@type":"EntryPoint","urlTemplate":"https:\/\/taalba-dz.com\/dz\/?s={search_term_string}"},"query-input":{"@type":"PropertyValueSpecification","valueRequired":true,"valueName":"search_term_string"}}],"inLanguage":"fr-FR"},{"@type":"Organization","@id":"https:\/\/taalba-dz.com\/dz\/#organization","name":"MPGI TAALBA","url":"https:\/\/taalba-dz.com\/dz\/","logo":{"@type":"ImageObject","inLanguage":"fr-FR","@id":"https:\/\/taalba-dz.com\/dz\/#\/schema\/logo\/image\/","url":"https:\/\/taalba-dz.com\/dz\/wp-content\/uploads\/2025\/02\/cropped-logo_taalba-removebg-preview.png","contentUrl":"https:\/\/taalba-dz.com\/dz\/wp-content\/uploads\/2025\/02\/cropped-logo_taalba-removebg-preview.png","width":447,"height":554,"caption":"MPGI TAALBA"},"image":{"@id":"https:\/\/taalba-dz.com\/dz\/#\/schema\/logo\/image\/"},"sameAs":["https:\/\/www.facebook.com\/profile.php?id=100078120130692"]}]}},"_links":{"self":[{"href":"https:\/\/taalba-dz.com\/dz\/wp-json\/wp\/v2\/pages\/8114","targetHints":{"allow":["GET"]}}],"collection":[{"href":"https:\/\/taalba-dz.com\/dz\/wp-json\/wp\/v2\/pages"}],"about":[{"href":"https:\/\/taalba-dz.com\/dz\/wp-json\/wp\/v2\/types\/page"}],"author":[{"embeddable":true,"href":"https:\/\/taalba-dz.com\/dz\/wp-json\/wp\/v2\/users\/1"}],"replies":[{"embeddable":true,"href":"https:\/\/taalba-dz.com\/dz\/wp-json\/wp\/v2\/comments?post=8114"}],"version-history":[{"count":20,"href":"https:\/\/taalba-dz.com\/dz\/wp-json\/wp\/v2\/pages\/8114\/revisions"}],"predecessor-version":[{"id":8400,"href":"https:\/\/taalba-dz.com\/dz\/wp-json\/wp\/v2\/pages\/8114\/revisions\/8400"}],"wp:attachment":[{"href":"https:\/\/taalba-dz.com\/dz\/wp-json\/wp\/v2\/media?parent=8114"}],"curies":[{"name":"wp","href":"https:\/\/api.w.org\/{rel}","templated":true}]}}